{"id":7095,"date":"2026-03-07T11:05:55","date_gmt":"2026-03-07T10:05:55","guid":{"rendered":"https:\/\/machines.technofoam.rs\/?page_id=7095"},"modified":"2026-03-27T17:34:28","modified_gmt":"2026-03-27T16:34:28","slug":"kompanija-vrednosti","status":"publish","type":"page","link":"https:\/\/machines.technofoam.rs\/es\/kompanija-vrednosti\/","title":{"rendered":"Compa\u00f1\u00eda"},"content":{"rendered":"<div data-elementor-type=\"wp-page\" data-elementor-id=\"7095\" class=\"elementor elementor-7095\">\n\t\t\t\t<div class=\"elementor-element elementor-element-a9b7a7a e-con-full e-flex e-con e-parent\" data-id=\"a9b7a7a\" data-element_type=\"container\" data-e-type=\"container\" data-settings=\"{&quot;background_background&quot;:&quot;classic&quot;}\">\n\t\t<div class=\"elementor-element elementor-element-047e472 e-con-full e-flex e-con e-child\" data-id=\"047e472\" data-element_type=\"container\" data-e-type=\"container\" data-settings=\"{&quot;background_background&quot;:&quot;gradient&quot;}\">\n\t\t\t\t<div class=\"elementor-element elementor-element-5c08f6a elementor-widget elementor-widget-text-editor\" data-id=\"5c08f6a\" data-element_type=\"widget\" data-e-type=\"widget\" data-widget_type=\"text-editor.default\">\n\t\t\t\t<div class=\"elementor-widget-container\">\n\t\t\t\t\t\t\t\t\t<p>Technofoam es una compa\u00f1\u00eda especializada en el dise\u00f1o, construcci\u00f3n y producci\u00f3n de m\u00e1quinas para laminaci\u00f3n, corte de espuma, conformado y embalaje, automatizaci\u00f3n de procesos productivos y paletizaci\u00f3n. <br \/><br \/>Nos enfocamos principalmente en el dise\u00f1o y la producci\u00f3n de m\u00e1quinas espec\u00edficas para esponjas de cocina.\nA\u00f1os de experiencia, seguimiento din\u00e1mico del mercado y cooperaci\u00f3n con numerosos clientes representativos, cuyos requisitos siempre cumplimos en su totalidad, nos permitieron ampliar nuestra gama de productos.<br \/><br \/>Hoy en d\u00eda, somos una empresa reconocida por la calidad de sus productos y el soporte que venimos brindando a nuestros clientes desde hace m\u00e1s de diez a\u00f1os. \nTechnofoam le proporcionar\u00e1 la mejor soluci\u00f3n para su proceso de producci\u00f3n, ya se trate de la necesidad de una  m\u00e1quina nueva o de la voluntad de mejora de una existente. <br \/><br \/>Una vez que decida cooperar con nosotros, le garantizamos soporte durante toda la vida \u00fatil de la m\u00e1quina.<\/p>\t\t\t\t\t\t\t\t<\/div>\n\t\t\t\t<\/div>\n\t\t\t\t<\/div>\n\t\t<div class=\"elementor-element elementor-element-9f0d458 e-con-full e-flex e-con e-child\" data-id=\"9f0d458\" data-element_type=\"container\" data-e-type=\"container\" data-settings=\"{&quot;background_background&quot;:&quot;classic&quot;}\">\n\t\t\t\t<\/div>\n\t\t\t\t<\/div>\n\t\t\t\t<\/div>","protected":false},"excerpt":{"rendered":"<p>Tehnofoam je kompanija koja se bavi projektovanjem, razvojem i proizvodnjom ma\u0161ina za laminaciju,se\u010denje, profilisanje i pakovanje sun\u0111era, automatizaciju proizvodnih procesa i paletizaciju u raznim industrijama. U po\u010detku smo bili orijentisani na izradu ma\u0161ina za proizvodnju kuhinjskih sun\u0111era. Dugogodi\u0161nje iskustvo, pra\u0107enje dinami\u010dog tr\u017ei\u0161ta i saradnja sa brojnim reprezentativnim klijentima \u010dije smo zahteve uvek ispunjavali u potpunosti, [&hellip;]<\/p>","protected":false},"author":5,"featured_media":0,"parent":0,"menu_order":0,"comment_status":"closed","ping_status":"closed","template":"elementor_header_footer","meta":{"footnotes":""},"class_list":["post-7095","page","type-page","status-publish","hentry"],"_links":{"self":[{"href":"https:\/\/machines.technofoam.rs\/es\/wp-json\/wp\/v2\/pages\/7095","targetHints":{"allow":["GET"]}}],"collection":[{"href":"https:\/\/machines.technofoam.rs\/es\/wp-json\/wp\/v2\/pages"}],"about":[{"href":"https:\/\/machines.technofoam.rs\/es\/wp-json\/wp\/v2\/types\/page"}],"author":[{"embeddable":true,"href":"https:\/\/machines.technofoam.rs\/es\/wp-json\/wp\/v2\/users\/5"}],"replies":[{"embeddable":true,"href":"https:\/\/machines.technofoam.rs\/es\/wp-json\/wp\/v2\/comments?post=7095"}],"version-history":[{"count":17,"href":"https:\/\/machines.technofoam.rs\/es\/wp-json\/wp\/v2\/pages\/7095\/revisions"}],"predecessor-version":[{"id":7679,"href":"https:\/\/machines.technofoam.rs\/es\/wp-json\/wp\/v2\/pages\/7095\/revisions\/7679"}],"wp:attachment":[{"href":"https:\/\/machines.technofoam.rs\/es\/wp-json\/wp\/v2\/media?parent=7095"}],"curies":[{"name":"wp","href":"https:\/\/api.w.org\/{rel}","templated":true}]}}