{"id":6734,"date":"2024-04-11T10:02:29","date_gmt":"2024-04-11T10:02:29","guid":{"rendered":"https:\/\/machines.technofoam.rs\/?page_id=6734"},"modified":"2026-03-27T17:38:28","modified_gmt":"2026-03-27T16:38:28","slug":"aktuelno","status":"publish","type":"page","link":"https:\/\/machines.technofoam.rs\/es\/aktuelno\/","title":{"rendered":"Eventos"},"content":{"rendered":"<div data-elementor-type=\"wp-page\" data-elementor-id=\"6734\" class=\"elementor elementor-6734\">\n\t\t\t\t<div class=\"elementor-element elementor-element-04e63bc e-flex e-con-boxed e-con e-parent\" data-id=\"04e63bc\" data-element_type=\"container\" data-e-type=\"container\" data-settings=\"{&quot;background_background&quot;:&quot;classic&quot;}\">\n\t\t\t\t\t<div class=\"e-con-inner\">\n\t\t\t\t<div class=\"elementor-element elementor-element-8aa53eb elementor-widget elementor-widget-heading\" data-id=\"8aa53eb\" data-element_type=\"widget\" data-e-type=\"widget\" data-widget_type=\"heading.default\">\n\t\t\t\t<div class=\"elementor-widget-container\">\n\t\t\t\t\t<h2 class=\"elementor-heading-title elementor-size-default\">\"Honestidad \u2013 Consistencia \u2013 Perfeccionismo \u2013 Responsabilidad\"<\/h2>\t\t\t\t<\/div>\n\t\t\t\t<\/div>\n\t\t\t\t<div class=\"elementor-element elementor-element-f60178f elementor-widget elementor-widget-heading\" data-id=\"f60178f\" data-element_type=\"widget\" data-e-type=\"widget\" data-widget_type=\"heading.default\">\n\t\t\t\t<div class=\"elementor-widget-container\">\n\t\t\t\t\t<h2 class=\"elementor-heading-title elementor-size-default\">Hablamos con franqueza, mantenemos nuestras promesas y tratamos a los dem\u00e1s con respeto<\/h2>\t\t\t\t<\/div>\n\t\t\t\t<\/div>\n\t\t\t\t\t<\/div>\n\t\t\t\t<\/div>\n\t\t<div class=\"elementor-element elementor-element-6b7c90f e-flex e-con-boxed e-con e-parent\" data-id=\"6b7c90f\" data-element_type=\"container\" data-e-type=\"container\" data-settings=\"{&quot;background_background&quot;:&quot;classic&quot;}\">\n\t\t\t\t\t<div class=\"e-con-inner\">\n\t\t<div class=\"elementor-element elementor-element-9c0c9dd e-con-full e-flex e-con e-child\" data-id=\"9c0c9dd\" data-element_type=\"container\" data-e-type=\"container\">\n\t\t\t\t<div class=\"elementor-element elementor-element-c146d86 elementor-widget elementor-widget-ct_heading\" data-id=\"c146d86\" data-element_type=\"widget\" data-e-type=\"widget\" data-widget_type=\"ct_heading.default\">\n\t\t\t\t<div class=\"elementor-widget-container\">\n\t\t\t\t\t<div class=\"ct-heading h-align-  sub-style1 ct-heading-left item-st-default\">\n\t\t\t<div class=\"item--sub-title style1 show-line\">\n                        Noticias                                <\/div>\n\t    <h3 class=\"item--title st-default\" data-wow-delay=\"ms\">\n                <span>\n            \n            Siga los \u00faltimos desarrollos de nuestra empresa\n                    <\/span>\n            <\/h3>\n<\/div>\t\t\t\t<\/div>\n\t\t\t\t<\/div>\n\t\t\t\t<\/div>\n\t\t<div class=\"elementor-element elementor-element-ee982d6 e-con-full e-flex e-con e-child\" data-id=\"ee982d6\" data-element_type=\"container\" data-e-type=\"container\">\n\t\t\t\t<div class=\"elementor-element elementor-element-3fcdf82 elementor-widget elementor-widget-text-editor\" data-id=\"3fcdf82\" data-element_type=\"widget\" data-e-type=\"widget\" data-widget_type=\"text-editor.default\">\n\t\t\t\t<div class=\"elementor-widget-container\">\n\t\t\t\t\t\t\t\t\t<p>Encuentre toda la informaci\u00f3n m\u00e1s reciente sobre nuestros proyectos, iniciativas y eventos. Mant\u00e9ngase al d\u00eda con los acontecimientos clave dentro de la empresa y sea el primero en conocer nuestros \u00e9xitos y planes futuros.<\/p>\t\t\t\t\t\t\t\t<\/div>\n\t\t\t\t<\/div>\n\t\t\t\t<\/div>\n\t\t\t\t\t<\/div>\n\t\t\t\t<\/div>\n\t\t<div class=\"elementor-element elementor-element-af9926f e-flex e-con-boxed e-con e-parent\" data-id=\"af9926f\" data-element_type=\"container\" data-e-type=\"container\">\n\t\t\t\t\t<div class=\"e-con-inner\">\n\t\t\t\t<div class=\"elementor-element elementor-element-333776f elementor-widget elementor-widget-ct_blog_grid\" data-id=\"333776f\" data-element_type=\"widget\" data-e-type=\"widget\" data-widget_type=\"ct_blog_grid.default\">\n\t\t\t\t<div class=\"elementor-widget-container\">\n\t\t\t\t\t\n<div id=\"ct_blog_grid-333776f\" class=\"ct-grid ct-blog-grid ct-blog-grid-layout1\" data-layout=\"masonry\" data-start-page=\"1\" data-max-pages=\"1\" data-total=\"2\" data-perpage=\"12\" data-next-link=\"\">\n    <div class=\"ct-grid-overlay\"><\/div>\n    \n    <div class=\"ct-grid-inner ct-grid-masonry row animate-time\" data-gutter=\"15\">\n                    <div class=\"grid-sizer col-xl-4 col-lg-4 col-md-6 col-sm-12 col-12\"><\/div>\n                                <div class=\"grid-item col-xl-4 col-lg-4 col-md-6 col-sm-12 col-12\">\n                    <div class=\"grid-item-inner\">\n                                                    <div class=\"entry-featured\">\n                                <a href=\"https:\/\/machines.technofoam.rs\/es\/posetite-nas-na-sajmu-u-dizeldorfu-7-13-maj-2026\/\"><img fetchpriority=\"high\" decoding=\"async\" width=\"650\" height=\"313\" src=\"https:\/\/machines.technofoam.rs\/wp-content\/uploads\/2026\/03\/interpack-v4.jpg\" class=\"disable-lazy attachment-full\" alt=\"\" \/><\/a>\n                            <\/div>\n                                                <div class=\"entry-body\">\n                            <div class=\"entry-holder\">\n                                                                    <ul class=\"entry-meta\">\n                                                                                    <li class=\"item-date\"><i class=\"fac fac-calendar-alt\"><\/i>marzo 9, 2026<\/li>\n                                                                                                                    <\/ul>\n                                                                <h3 class=\"entry-title\"><a href=\"https:\/\/machines.technofoam.rs\/es\/posetite-nas-na-sajmu-u-dizeldorfu-7-13-maj-2026\/\">Vis\u00edtenos en la feria de D\u00fcsseldorf, del 7 al 13 de mayo de 2026.<\/a><\/h3>\n                                                                    <div class=\"entry-readmore\">\n                                        <a href=\"https:\/\/machines.technofoam.rs\/es\/posetite-nas-na-sajmu-u-dizeldorfu-7-13-maj-2026\/\">\n                                            Continuaci\u00f3n                                            <i class=\"fac fac-angle-double-right space-left\"><\/i>\n                                        <\/a>\n                                    <\/div>\n                                                            <\/div>\n                        <\/div>\n                    <\/div>\n                <\/div>\n                            <div class=\"grid-item col-xl-4 col-lg-4 col-md-6 col-sm-12 col-12\">\n                    <div class=\"grid-item-inner\">\n                                                    <div class=\"entry-featured\">\n                                <a href=\"https:\/\/machines.technofoam.rs\/es\/proba-1\/\"><img decoding=\"async\" width=\"650\" height=\"313\" src=\"https:\/\/machines.technofoam.rs\/wp-content\/uploads\/2024\/04\/Rosu-Pack.jpg\" class=\"disable-lazy attachment-full\" alt=\"\" \/><\/a>\n                            <\/div>\n                                                <div class=\"entry-body\">\n                            <div class=\"entry-holder\">\n                                                                    <ul class=\"entry-meta\">\n                                                                                    <li class=\"item-date\"><i class=\"fac fac-calendar-alt\"><\/i>abril 11, 2024<\/li>\n                                                                                                                    <\/ul>\n                                                                <h3 class=\"entry-title\"><a href=\"https:\/\/machines.technofoam.rs\/es\/proba-1\/\">Nuestra empresa en la feria RosUpack<\/a><\/h3>\n                                                                    <div class=\"entry-readmore\">\n                                        <a href=\"https:\/\/machines.technofoam.rs\/es\/proba-1\/\">\n                                            Continuaci\u00f3n                                            <i class=\"fac fac-angle-double-right space-left\"><\/i>\n                                        <\/a>\n                                    <\/div>\n                                                            <\/div>\n                        <\/div>\n                    <\/div>\n                <\/div>\n                <\/div>\n            <div class=\"ct-grid-pagination\" data-loadmore=\"{&quot;startPage&quot;:1,&quot;maxPages&quot;:1,&quot;total&quot;:2,&quot;perpage&quot;:12,&quot;nextLink&quot;:&quot;&quot;,&quot;source&quot;:[&quot;aktuelno|category&quot;],&quot;orderby&quot;:&quot;date&quot;,&quot;order&quot;:&quot;desc&quot;,&quot;limit&quot;:12,&quot;post_ids&quot;:&quot;&quot;,&quot;col_xl&quot;:4,&quot;col_lg&quot;:4,&quot;col_md&quot;:6,&quot;col_sm&quot;:12,&quot;col_xs&quot;:12,&quot;thumbnail_size&quot;:&quot;full&quot;,&quot;thumbnail_custom_dimension&quot;:{&quot;width&quot;:&quot;&quot;,&quot;height&quot;:&quot;&quot;},&quot;pagination_type&quot;:&quot;pagination&quot;,&quot;show_author&quot;:&quot;&quot;,&quot;show_date&quot;:&quot;true&quot;,&quot;show_button&quot;:&quot;true&quot;,&quot;button_text&quot;:&quot;Nastavi&quot;,&quot;ct_animate&quot;:&quot;&quot;,&quot;template_type&quot;:&quot;post_grid_layout1&quot;,&quot;tax&quot;:[]}\" data-query=\"{&quot;post_type&quot;:&quot;post&quot;,&quot;post_status&quot;:&quot;publish&quot;,&quot;posts_per_page&quot;:12,&quot;order&quot;:&quot;desc&quot;,&quot;orderby&quot;:&quot;date&quot;,&quot;tax_query&quot;:{&quot;relation&quot;:&quot;OR&quot;,&quot;0&quot;:{&quot;taxonomy&quot;:&quot;category&quot;,&quot;field&quot;:&quot;slug&quot;,&quot;operator&quot;:&quot;IN&quot;,&quot;terms&quot;:[&quot;aktuelno&quot;]}},&quot;post__not_in&quot;:[6734]}\">\n                    <\/div>\n        <\/div>\t\t\t\t<\/div>\n\t\t\t\t<\/div>\n\t\t\t\t\t<\/div>\n\t\t\t\t<\/div>\n\t\t\t\t<\/div>","protected":false},"excerpt":{"rendered":"<p>&#8220;Otvorenost &#8211; Doslednost &#8211; Perfekcionizam &#8211; Odgovornost&#8221; Govorimo ono \u0161to mislimo , dr\u017eimo svoja obe\u0107anja i tretiramo druge sa po\u0161tovanjem Vesti Pratite najnovija de\u0161avanja iz na\u0161e kompanije Prona\u0111ite sve najnovije informacije o na\u0161im projektima, inicijativama i doga\u0111ajima. Ostanite u toku s klju\u010dnim de\u0161avanjima unutar\u00a0 kompanije i budite prvi koji \u0107e saznati o na\u0161im uspesima i [&hellip;]<\/p>","protected":false},"author":2,"featured_media":0,"parent":0,"menu_order":0,"comment_status":"closed","ping_status":"closed","template":"elementor_header_footer","meta":{"footnotes":""},"class_list":["post-6734","page","type-page","status-publish","hentry"],"_links":{"self":[{"href":"https:\/\/machines.technofoam.rs\/es\/wp-json\/wp\/v2\/pages\/6734","targetHints":{"allow":["GET"]}}],"collection":[{"href":"https:\/\/machines.technofoam.rs\/es\/wp-json\/wp\/v2\/pages"}],"about":[{"href":"https:\/\/machines.technofoam.rs\/es\/wp-json\/wp\/v2\/types\/page"}],"author":[{"embeddable":true,"href":"https:\/\/machines.technofoam.rs\/es\/wp-json\/wp\/v2\/users\/2"}],"replies":[{"embeddable":true,"href":"https:\/\/machines.technofoam.rs\/es\/wp-json\/wp\/v2\/comments?post=6734"}],"version-history":[{"count":25,"href":"https:\/\/machines.technofoam.rs\/es\/wp-json\/wp\/v2\/pages\/6734\/revisions"}],"predecessor-version":[{"id":7682,"href":"https:\/\/machines.technofoam.rs\/es\/wp-json\/wp\/v2\/pages\/6734\/revisions\/7682"}],"wp:attachment":[{"href":"https:\/\/machines.technofoam.rs\/es\/wp-json\/wp\/v2\/media?parent=6734"}],"curies":[{"name":"wp","href":"https:\/\/api.w.org\/{rel}","templated":true}]}}