{"id":6655,"date":"2024-04-10T08:39:01","date_gmt":"2024-04-10T08:39:01","guid":{"rendered":"https:\/\/machines.technofoam.rs\/?page_id=6655"},"modified":"2026-03-27T00:51:07","modified_gmt":"2026-03-26T23:51:07","slug":"kompanija","status":"publish","type":"page","link":"https:\/\/machines.technofoam.rs\/es\/kompanija\/","title":{"rendered":"Kompanija-old"},"content":{"rendered":"<div data-elementor-type=\"wp-page\" data-elementor-id=\"6655\" class=\"elementor elementor-6655\">\n\t\t\t\t<div class=\"elementor-element elementor-element-fd51bb3 e-flex e-con-boxed e-con e-parent\" data-id=\"fd51bb3\" data-element_type=\"container\" data-e-type=\"container\" data-settings=\"{&quot;background_background&quot;:&quot;video&quot;,&quot;background_video_link&quot;:&quot;https:\\\/\\\/machines.technofoam.rs\\\/wp-content\\\/uploads\\\/2022\\\/05\\\/bezbednost.mp4&quot;}\">\n\t\t\t\t\t<div class=\"e-con-inner\">\n\t\t<div class=\"elementor-background-video-container elementor-hidden-mobile\">\n\t\t\t\t\t\t\t<video class=\"elementor-background-video-hosted\" role=\"presentation\" autoplay muted playsinline loop><\/video>\n\t\t\t\t\t<\/div>\t\t<div class=\"elementor-element elementor-element-17353d9 elementor-widget elementor-widget-heading\" data-id=\"17353d9\" data-element_type=\"widget\" data-e-type=\"widget\" data-widget_type=\"heading.default\">\n\t\t\t\t<div class=\"elementor-widget-container\">\n\t\t\t\t\t<h2 class=\"elementor-heading-title elementor-size-default\">\"Honestidad \u2013 Consistencia \u2013 Perfeccionismo \u2013 Responsabilidad\"<\/h2>\t\t\t\t<\/div>\n\t\t\t\t<\/div>\n\t\t\t\t<div class=\"elementor-element elementor-element-cc5eb31 elementor-widget elementor-widget-heading\" data-id=\"cc5eb31\" data-element_type=\"widget\" data-e-type=\"widget\" data-widget_type=\"heading.default\">\n\t\t\t\t<div class=\"elementor-widget-container\">\n\t\t\t\t\t<h2 class=\"elementor-heading-title elementor-size-default\">Hablamos con franqueza, mantenemos nuestras promesas y tratamos a los dem\u00e1s con respeto<\/h2>\t\t\t\t<\/div>\n\t\t\t\t<\/div>\n\t\t\t\t\t<\/div>\n\t\t\t\t<\/div>\n\t\t<div class=\"elementor-element elementor-element-5b84255 e-flex e-con-boxed e-con e-parent\" data-id=\"5b84255\" data-element_type=\"container\" data-e-type=\"container\">\n\t\t\t\t\t<div class=\"e-con-inner\">\n\t\t<div class=\"elementor-element elementor-element-8668ea5 e-con-full e-flex e-con e-child\" data-id=\"8668ea5\" data-element_type=\"container\" data-e-type=\"container\">\n\t\t\t\t<div class=\"elementor-element elementor-element-437cb76 elementor-widget elementor-widget-ct_heading\" data-id=\"437cb76\" data-element_type=\"widget\" data-e-type=\"widget\" data-widget_type=\"ct_heading.default\">\n\t\t\t\t<div class=\"elementor-widget-container\">\n\t\t\t\t\t<div class=\"ct-heading h-align-left  sub-style1 ct-heading-left item-st-default\">\n\t\t\t<div class=\"item--sub-title style1 hide-line\">\n                        Techno Foam d.o.o.                                <\/div>\n\t    <h3 class=\"item--title st-default\" data-wow-delay=\"ms\">\n                <span>\n            \n            Sobre la empresa\n\n                    <\/span>\n            <\/h3>\n<\/div>\t\t\t\t<\/div>\n\t\t\t\t<\/div>\n\t\t\t\t<div class=\"elementor-element elementor-element-4f71453 elementor-widget elementor-widget-text-editor\" data-id=\"4f71453\" data-element_type=\"widget\" data-e-type=\"widget\" data-widget_type=\"text-editor.default\">\n\t\t\t\t<div class=\"elementor-widget-container\">\n\t\t\t\t\t\t\t\t\t<p>Technofoam es una compa\u00f1\u00eda especializada en el dise\u00f1o, construcci\u00f3n y producci\u00f3n de m\u00e1quinas para laminaci\u00f3n, corte de espuma, conformado y embalaje, automatizaci\u00f3n de procesos productivos y paletizaci\u00f3n.\nNos enfocamos principalmente en el dise\u00f1o y la producci\u00f3n de m\u00e1quinas espec\u00edficas para esponjas de cocina. A\u00f1os de experiencia, seguimiento din\u00e1mico del mercado y cooperaci\u00f3n con numerosos clientes representativos, cuyos requisitos siempre cumplimos en su totalidad, nos permitieron ampliar nuestra gama de productos.\u00a0<\/p>\t\t\t\t\t\t\t\t<\/div>\n\t\t\t\t<\/div>\n\t\t\t\t<\/div>\n\t\t<div class=\"elementor-element elementor-element-1bd4718 e-con-full e-flex e-con e-child\" data-id=\"1bd4718\" data-element_type=\"container\" data-e-type=\"container\">\n\t\t\t\t<div class=\"elementor-element elementor-element-7d4e9d4 wow fadeInRight elementor-widget elementor-widget-ct_banner\" data-id=\"7d4e9d4\" data-element_type=\"widget\" data-e-type=\"widget\" data-widget_type=\"ct_banner.default\">\n\t\t\t\t<div class=\"elementor-widget-container\">\n\t\t\t\t\t<div class=\"ct-banner3\" data-wow-delay=\"ms\">\n\t<div class=\"ct-banner-imge\">\n    \t<img fetchpriority=\"high\" decoding=\"async\" width=\"1920\" height=\"1027\" src=\"https:\/\/machines.technofoam.rs\/wp-content\/uploads\/2022\/04\/tehnologija.jpg\" class=\"attachment-full size-full wp-image-5985\" alt=\"\" srcset=\"https:\/\/machines.technofoam.rs\/wp-content\/uploads\/2022\/04\/tehnologija.jpg 1920w, https:\/\/machines.technofoam.rs\/wp-content\/uploads\/2022\/04\/tehnologija-300x160.jpg 300w, https:\/\/machines.technofoam.rs\/wp-content\/uploads\/2022\/04\/tehnologija-1024x548.jpg 1024w, https:\/\/machines.technofoam.rs\/wp-content\/uploads\/2022\/04\/tehnologija-768x411.jpg 768w, https:\/\/machines.technofoam.rs\/wp-content\/uploads\/2022\/04\/tehnologija-1536x822.jpg 1536w\" sizes=\"(max-width: 1920px) 100vw, 1920px\" \/>    \t    \t<div class=\"ct-banner-counter\">\n    \t\t\t    \t\t<div class=\"counter-icon\">\n\t                \t                \t    \t\t<\/div>\n    \t\t    \t\t<div class=\"counter-holder\">\n    \t\t\t    \t\t\t    \t\t<\/div>\n    \t<\/div>\n    <\/div>\n    <h3 class=\"ct-banner-title\">De la idea a la realizaci\u00f3n<\/h3>\n<\/div>\t\t\t\t<\/div>\n\t\t\t\t<\/div>\n\t\t\t\t<\/div>\n\t\t\t\t\t<\/div>\n\t\t\t\t<\/div>\n\t\t<div class=\"elementor-element elementor-element-3e9c677 e-flex e-con-boxed e-con e-parent\" data-id=\"3e9c677\" data-element_type=\"container\" data-e-type=\"container\">\n\t\t\t\t\t<div class=\"e-con-inner\">\n\t\t\t\t<div class=\"elementor-element elementor-element-5498664 elementor-widget elementor-widget-ct_fancy_box_grid\" data-id=\"5498664\" data-element_type=\"widget\" data-e-type=\"widget\" data-widget_type=\"ct_fancy_box_grid.default\">\n\t\t\t\t<div class=\"elementor-widget-container\">\n\t\t\t\t\t    <div id=\"ct_fancy_box_grid-5498664\" class=\"ct-grid ct-fancy-box-grid ct-fancy-box-grid2\">\n        <div class=\"ct-grid-inner ct-grid-masonry row\" data-gutter=\"7\">\n                            <div class=\"grid-item col-xl-4 col-lg-4 col-md-6 col-sm-6 col-12\">\n                    <div class=\"item--inner same-height\">\n                                                    <div class=\"item--icon\">\n                                <i aria-hidden=\"true\" class=\"fas fa-project-diagram\"><\/i>                                                            <\/div>\n                                                \n                        <h3 class=\"item--title\">    \n                            Dise\u00f1o y desarrollo                        <\/h3>\n                        <div class=\"item--desc\"><\/div>\n                                           <\/div>\n                   <div class=\"item--shadow\"><\/div>\n                <\/div>\n                            <div class=\"grid-item col-xl-4 col-lg-4 col-md-6 col-sm-6 col-12\">\n                    <div class=\"item--inner same-height\">\n                                                    <div class=\"item--icon\">\n                                <i aria-hidden=\"true\" class=\"material zmdi zmdi-library\"><\/i>                                                            <\/div>\n                                                \n                        <h3 class=\"item--title\">    \n                            Experiencia                        <\/h3>\n                        <div class=\"item--desc\"><\/div>\n                                           <\/div>\n                   <div class=\"item--shadow\"><\/div>\n                <\/div>\n                            <div class=\"grid-item col-xl-4 col-lg-4 col-md-6 col-sm-6 col-12\">\n                    <div class=\"item--inner same-height\">\n                                                    <div class=\"item--icon\">\n                                <i aria-hidden=\"true\" class=\"fas fa-thumbs-up\"><\/i>                                                            <\/div>\n                                                \n                        <h3 class=\"item--title\">    \n                            Calidad                        <\/h3>\n                        <div class=\"item--desc\"><\/div>\n                                           <\/div>\n                   <div class=\"item--shadow\"><\/div>\n                <\/div>\n                        <div class=\"grid-sizer col-xl-4 col-lg-4 col-md-6 col-sm-6 col-12\"><\/div>\n        <\/div>\n    <\/div>\n\t\t\t\t<\/div>\n\t\t\t\t<\/div>\n\t\t\t\t\t<\/div>\n\t\t\t\t<\/div>\n\t\t<div class=\"elementor-element elementor-element-047f5c2 e-flex e-con-boxed e-con e-parent\" data-id=\"047f5c2\" data-element_type=\"container\" data-e-type=\"container\">\n\t\t\t\t\t<div class=\"e-con-inner\">\n\t\t<div class=\"elementor-element elementor-element-57f8b8b e-con-full e-flex e-con e-child\" data-id=\"57f8b8b\" data-element_type=\"container\" data-e-type=\"container\">\n\t\t\t\t<div class=\"elementor-element elementor-element-9387861 wow fadeInRight elementor-widget elementor-widget-ct_banner\" data-id=\"9387861\" data-element_type=\"widget\" data-e-type=\"widget\" data-widget_type=\"ct_banner.default\">\n\t\t\t\t<div class=\"elementor-widget-container\">\n\t\t\t\t\t<div class=\"ct-banner3\" data-wow-delay=\"ms\">\n\t<div class=\"ct-banner-imge\">\n    \t<img decoding=\"async\" width=\"1428\" height=\"889\" src=\"https:\/\/machines.technofoam.rs\/wp-content\/uploads\/2024\/03\/bandicam-2024-03-26-13-14-39-232.jpg\" class=\"attachment-full size-full wp-image-6404\" alt=\"\" srcset=\"https:\/\/machines.technofoam.rs\/wp-content\/uploads\/2024\/03\/bandicam-2024-03-26-13-14-39-232.jpg 1428w, https:\/\/machines.technofoam.rs\/wp-content\/uploads\/2024\/03\/bandicam-2024-03-26-13-14-39-232-300x187.jpg 300w, https:\/\/machines.technofoam.rs\/wp-content\/uploads\/2024\/03\/bandicam-2024-03-26-13-14-39-232-1024x637.jpg 1024w, https:\/\/machines.technofoam.rs\/wp-content\/uploads\/2024\/03\/bandicam-2024-03-26-13-14-39-232-768x478.jpg 768w\" sizes=\"(max-width: 1428px) 100vw, 1428px\" \/>    \t    \t<div class=\"ct-banner-counter\">\n    \t\t\t    \t\t<div class=\"counter-icon\">\n\t                \t                \t    \t\t<\/div>\n    \t\t    \t\t<div class=\"counter-holder\">\n    \t\t\t    \t\t\t    \t\t<\/div>\n    \t<\/div>\n    <\/div>\n    <h3 class=\"ct-banner-title\">De la idea a la realizaci\u00f3n<\/h3>\n<\/div>\t\t\t\t<\/div>\n\t\t\t\t<\/div>\n\t\t\t\t<\/div>\n\t\t<div class=\"elementor-element elementor-element-a873641 e-con-full e-flex e-con e-child\" data-id=\"a873641\" data-element_type=\"container\" data-e-type=\"container\">\n\t\t\t\t<div class=\"elementor-element elementor-element-97d3478 elementor-widget elementor-widget-ct_heading\" data-id=\"97d3478\" data-element_type=\"widget\" data-e-type=\"widget\" data-widget_type=\"ct_heading.default\">\n\t\t\t\t<div class=\"elementor-widget-container\">\n\t\t\t\t\t<div class=\"ct-heading h-align-left  sub-style1 ct-heading-left item-st-default\">\n\t\t\t<div class=\"item--sub-title style1 hide-line\">\n                        Techno Foam d.o.o.                                <\/div>\n\t    <h3 class=\"item--title st-default\" data-wow-delay=\"ms\">\n                <span>\n            \n            Calidad y fiabilidad\n                    <\/span>\n            <\/h3>\n<\/div>\t\t\t\t<\/div>\n\t\t\t\t<\/div>\n\t\t\t\t<div class=\"elementor-element elementor-element-33497fe elementor-widget elementor-widget-text-editor\" data-id=\"33497fe\" data-element_type=\"widget\" data-e-type=\"widget\" data-widget_type=\"text-editor.default\">\n\t\t\t\t<div class=\"elementor-widget-container\">\n\t\t\t\t\t\t\t\t\t<p>\u00a0Hoy en d\u00eda, somos una empresa reconocida por la calidad de sus productos y el soporte que venimos brindando a nuestros clientes desde hace m\u00e1s de diez a\u00f1os. Technofoam le proporcionar\u00e1 la mejor soluci\u00f3n para su proceso de producci\u00f3n, ya se trate de la necesidad de una  m\u00e1quina nueva o de la voluntad de mejora de una existente. Una vez que decida cooperar con nosotros, le garantizamos soporte durante toda la vida \u00fatil de la m\u00e1quina.<\/p>\t\t\t\t\t\t\t\t<\/div>\n\t\t\t\t<\/div>\n\t\t\t\t<\/div>\n\t\t\t\t\t<\/div>\n\t\t\t\t<\/div>\n\t\t\t\t<\/div>","protected":false},"excerpt":{"rendered":"<p>&#8220;Otvorenost &#8211; Doslednost &#8211; Perfekcionizam &#8211; Odgovornost&#8221; Govorimo ono \u0161to mislimo , dr\u017eimo svoja obe\u0107anja i tretiramo druge sa po\u0161tovanjem Techno Foam d.o.o. O kompaniji Technofoam je kompanija koja se bavi projektovanjem, razvojem i proizvodnjom ma\u0161ina za laminaciju, se\u010denje, profilisanje i pakovanje sun\u0111era, automatizaciju proizvodnih procesa i paletizaciju. U po\u010detku smo bili orijentisani na izradu [&hellip;]<\/p>","protected":false},"author":2,"featured_media":0,"parent":0,"menu_order":0,"comment_status":"closed","ping_status":"closed","template":"elementor_header_footer","meta":{"footnotes":""},"class_list":["post-6655","page","type-page","status-publish","hentry"],"_links":{"self":[{"href":"https:\/\/machines.technofoam.rs\/es\/wp-json\/wp\/v2\/pages\/6655","targetHints":{"allow":["GET"]}}],"collection":[{"href":"https:\/\/machines.technofoam.rs\/es\/wp-json\/wp\/v2\/pages"}],"about":[{"href":"https:\/\/machines.technofoam.rs\/es\/wp-json\/wp\/v2\/types\/page"}],"author":[{"embeddable":true,"href":"https:\/\/machines.technofoam.rs\/es\/wp-json\/wp\/v2\/users\/2"}],"replies":[{"embeddable":true,"href":"https:\/\/machines.technofoam.rs\/es\/wp-json\/wp\/v2\/comments?post=6655"}],"version-history":[{"count":17,"href":"https:\/\/machines.technofoam.rs\/es\/wp-json\/wp\/v2\/pages\/6655\/revisions"}],"predecessor-version":[{"id":7534,"href":"https:\/\/machines.technofoam.rs\/es\/wp-json\/wp\/v2\/pages\/6655\/revisions\/7534"}],"wp:attachment":[{"href":"https:\/\/machines.technofoam.rs\/es\/wp-json\/wp\/v2\/media?parent=6655"}],"curies":[{"name":"wp","href":"https:\/\/api.w.org\/{rel}","templated":true}]}}