{"id":6161,"date":"2022-10-31T08:33:37","date_gmt":"2022-10-31T08:33:37","guid":{"rendered":"https:\/\/machines.technofoam.rs\/?page_id=6161"},"modified":"2024-04-10T10:27:10","modified_gmt":"2024-04-10T10:27:10","slug":"centrifugalni-dozeri","status":"publish","type":"page","link":"https:\/\/machines.technofoam.rs\/es\/centrifugalni-dozeri\/","title":{"rendered":"Dispensadores centr\u00edfugos"},"content":{"rendered":"<div data-elementor-type=\"wp-page\" data-elementor-id=\"6161\" class=\"elementor elementor-6161\">\n\t\t\t\t<div class=\"elementor-element elementor-element-636a786 e-flex e-con-boxed e-con e-parent\" data-id=\"636a786\" data-element_type=\"container\" data-e-type=\"container\" data-settings=\"{&quot;background_background&quot;:&quot;classic&quot;}\">\n\t\t\t\t\t<div class=\"e-con-inner\">\n\t\t\t\t<div class=\"elementor-element elementor-element-de73afd elementor-widget elementor-widget-heading\" data-id=\"de73afd\" data-element_type=\"widget\" data-e-type=\"widget\" data-widget_type=\"heading.default\">\n\t\t\t\t<div class=\"elementor-widget-container\">\n\t\t\t\t\t<h2 class=\"elementor-heading-title elementor-size-default\">\"Honestidad \u2013 Consistencia \u2013 Perfeccionismo \u2013 Responsabilidad\" <\/h2>\t\t\t\t<\/div>\n\t\t\t\t<\/div>\n\t\t\t\t<div class=\"elementor-element elementor-element-fe02ac8 elementor-widget elementor-widget-heading\" data-id=\"fe02ac8\" data-element_type=\"widget\" data-e-type=\"widget\" data-widget_type=\"heading.default\">\n\t\t\t\t<div class=\"elementor-widget-container\">\n\t\t\t\t\t<h2 class=\"elementor-heading-title elementor-size-default\">\u00d3ptimas para la alimentaci\u00f3n centr\u00edfuga<\/h2>\t\t\t\t<\/div>\n\t\t\t\t<\/div>\n\t\t\t\t\t<\/div>\n\t\t\t\t<\/div>\n\t\t<div class=\"elementor-element elementor-element-1a407bd e-flex e-con-boxed e-con e-parent\" data-id=\"1a407bd\" data-element_type=\"container\" data-e-type=\"container\">\n\t\t\t\t\t<div class=\"e-con-inner\">\n\t\t<div class=\"elementor-element elementor-element-e7d711e e-con-full e-flex e-con e-child\" data-id=\"e7d711e\" data-element_type=\"container\" data-e-type=\"container\">\n\t\t\t\t<div class=\"elementor-element elementor-element-7515ae3 elementor-icon-list--layout-traditional elementor-list-item-link-full_width elementor-widget elementor-widget-icon-list\" data-id=\"7515ae3\" data-element_type=\"widget\" data-e-type=\"widget\" data-widget_type=\"icon-list.default\">\n\t\t\t\t<div class=\"elementor-widget-container\">\n\t\t\t\t\t\t\t<ul class=\"elementor-icon-list-items\">\n\t\t\t\t\t\t\t<li class=\"elementor-icon-list-item\">\n\t\t\t\t\t\t\t\t\t\t\t<span class=\"elementor-icon-list-icon\">\n\t\t\t\t\t\t\t<i aria-hidden=\"true\" class=\"material zmdi zmdi-check-circle\"><\/i>\t\t\t\t\t\t<\/span>\n\t\t\t\t\t\t\t\t\t\t<span class=\"elementor-icon-list-text\">Dosificadores centr\u00edfugos para dosificaci\u00f3n controlada de productos en el proceso productivo<\/span>\n\t\t\t\t\t\t\t\t\t<\/li>\n\t\t\t\t\t\t<\/ul>\n\t\t\t\t\t\t<\/div>\n\t\t\t\t<\/div>\n\t\t\t\t<\/div>\n\t\t\t\t\t<\/div>\n\t\t\t\t<\/div>\n\t\t\t\t<\/div>","protected":false},"excerpt":{"rendered":"<p>Otvorenost &#8211; Doslednost \u2013 Perfekcionizam &#8211; Odgovornost Optimalne za centrifugalno doziranje Centrifugalni dozeri za kontrolisano doziranje proizvoda u procesu proizvodnje<\/p>","protected":false},"author":1,"featured_media":0,"parent":0,"menu_order":0,"comment_status":"closed","ping_status":"closed","template":"elementor_header_footer","meta":{"footnotes":""},"class_list":["post-6161","page","type-page","status-publish","hentry"],"_links":{"self":[{"href":"https:\/\/machines.technofoam.rs\/es\/wp-json\/wp\/v2\/pages\/6161","targetHints":{"allow":["GET"]}}],"collection":[{"href":"https:\/\/machines.technofoam.rs\/es\/wp-json\/wp\/v2\/pages"}],"about":[{"href":"https:\/\/machines.technofoam.rs\/es\/wp-json\/wp\/v2\/types\/page"}],"author":[{"embeddable":true,"href":"https:\/\/machines.technofoam.rs\/es\/wp-json\/wp\/v2\/users\/1"}],"replies":[{"embeddable":true,"href":"https:\/\/machines.technofoam.rs\/es\/wp-json\/wp\/v2\/comments?post=6161"}],"version-history":[{"count":10,"href":"https:\/\/machines.technofoam.rs\/es\/wp-json\/wp\/v2\/pages\/6161\/revisions"}],"predecessor-version":[{"id":6695,"href":"https:\/\/machines.technofoam.rs\/es\/wp-json\/wp\/v2\/pages\/6161\/revisions\/6695"}],"wp:attachment":[{"href":"https:\/\/machines.technofoam.rs\/es\/wp-json\/wp\/v2\/media?parent=6161"}],"curies":[{"name":"wp","href":"https:\/\/api.w.org\/{rel}","templated":true}]}}