{"id":6157,"date":"2022-10-31T08:32:00","date_gmt":"2022-10-31T08:32:00","guid":{"rendered":"https:\/\/machines.technofoam.rs\/?page_id=6157"},"modified":"2026-03-27T01:02:19","modified_gmt":"2026-03-27T00:02:19","slug":"masine-za-pakovanje-old","status":"publish","type":"page","link":"https:\/\/machines.technofoam.rs\/es\/masine-za-pakovanje-old\/","title":{"rendered":"Ma\u0161ine za pakovanje-old"},"content":{"rendered":"<div data-elementor-type=\"wp-page\" data-elementor-id=\"6157\" class=\"elementor elementor-6157\">\n\t\t\t\t<div class=\"elementor-element elementor-element-78a87b1 e-flex e-con-boxed e-con e-parent\" data-id=\"78a87b1\" data-element_type=\"container\" data-e-type=\"container\" data-settings=\"{&quot;background_background&quot;:&quot;classic&quot;}\">\n\t\t\t\t\t<div class=\"e-con-inner\">\n\t\t\t\t<div class=\"elementor-element elementor-element-1fb34b8 elementor-widget elementor-widget-heading\" data-id=\"1fb34b8\" data-element_type=\"widget\" data-e-type=\"widget\" data-widget_type=\"heading.default\">\n\t\t\t\t<div class=\"elementor-widget-container\">\n\t\t\t\t\t<h2 class=\"elementor-heading-title elementor-size-default\">\"Honestidad \u2013 Consistencia \u2013 Perfeccionismo \u2013 Responsabilidad\" <\/h2>\t\t\t\t<\/div>\n\t\t\t\t<\/div>\n\t\t\t\t<div class=\"elementor-element elementor-element-920f3fe elementor-widget elementor-widget-heading\" data-id=\"920f3fe\" data-element_type=\"widget\" data-e-type=\"widget\" data-widget_type=\"heading.default\">\n\t\t\t\t<div class=\"elementor-widget-container\">\n\t\t\t\t\t<h2 class=\"elementor-heading-title elementor-size-default\">Excelentes para el packaging<\/h2>\t\t\t\t<\/div>\n\t\t\t\t<\/div>\n\t\t\t\t\t<\/div>\n\t\t\t\t<\/div>\n\t\t<div class=\"elementor-element elementor-element-0b53163 e-flex e-con-boxed e-con e-parent\" data-id=\"0b53163\" data-element_type=\"container\" data-e-type=\"container\">\n\t\t\t\t\t<div class=\"e-con-inner\">\n\t\t<div class=\"elementor-element elementor-element-db6db76 e-con-full e-flex e-con e-child\" data-id=\"db6db76\" data-element_type=\"container\" data-e-type=\"container\">\n\t\t\t\t<div class=\"elementor-element elementor-element-6bd374e elementor-icon-list--layout-traditional elementor-list-item-link-full_width elementor-widget elementor-widget-icon-list\" data-id=\"6bd374e\" data-element_type=\"widget\" data-e-type=\"widget\" data-widget_type=\"icon-list.default\">\n\t\t\t\t<div class=\"elementor-widget-container\">\n\t\t\t\t\t\t\t<ul class=\"elementor-icon-list-items\">\n\t\t\t\t\t\t\t<li class=\"elementor-icon-list-item\">\n\t\t\t\t\t\t\t\t\t\t\t<a href=\"https:\/\/machines.technofoam.rs\/es\/tfcd-280-150\/\">\n\n\t\t\t\t\t\t\t\t\t\t\t\t<span class=\"elementor-icon-list-icon\">\n\t\t\t\t\t\t\t<i aria-hidden=\"true\" class=\"material zmdi zmdi-check-circle\"><\/i>\t\t\t\t\t\t<\/span>\n\t\t\t\t\t\t\t\t\t\t<span class=\"elementor-icon-list-text\">L\u00ednea autom\u00e1tica de envasado de esponjas TFCD -280\/150<\/span>\n\t\t\t\t\t\t\t\t\t\t\t<\/a>\n\t\t\t\t\t\t\t\t\t<\/li>\n\t\t\t\t\t\t\t\t<li class=\"elementor-icon-list-item\">\n\t\t\t\t\t\t\t\t\t\t\t<a href=\"https:\/\/machines.technofoam.rs\/es\/tfcp-30-15\/\">\n\n\t\t\t\t\t\t\t\t\t\t\t\t<span class=\"elementor-icon-list-icon\">\n\t\t\t\t\t\t\t<i aria-hidden=\"true\" class=\"material zmdi zmdi-check-circle\"><\/i>\t\t\t\t\t\t<\/span>\n\t\t\t\t\t\t\t\t\t\t<span class=\"elementor-icon-list-text\">M\u00e1quina universal totalmente autom\u00e1tica para el enfajado mediante fundas de cart\u00f3n (30\/15)<\/span>\n\t\t\t\t\t\t\t\t\t\t\t<\/a>\n\t\t\t\t\t\t\t\t\t<\/li>\n\t\t\t\t\t\t<\/ul>\n\t\t\t\t\t\t<\/div>\n\t\t\t\t<\/div>\n\t\t\t\t<\/div>\n\t\t\t\t\t<\/div>\n\t\t\t\t<\/div>\n\t\t<div class=\"elementor-element elementor-element-b63810f elementor-hidden-desktop elementor-hidden-tablet elementor-hidden-mobile e-flex e-con-boxed e-con e-parent\" data-id=\"b63810f\" data-element_type=\"container\" data-e-type=\"container\">\n\t\t\t\t\t<div class=\"e-con-inner\">\n\t\t<div class=\"elementor-element elementor-element-2c9983c e-con-full e-flex e-con e-child\" data-id=\"2c9983c\" data-element_type=\"container\" data-e-type=\"container\">\n\t\t\t\t<div class=\"elementor-element elementor-element-0f52cd2 elementor-icon-list--layout-traditional elementor-list-item-link-full_width elementor-widget elementor-widget-icon-list\" data-id=\"0f52cd2\" data-element_type=\"widget\" data-e-type=\"widget\" data-widget_type=\"icon-list.default\">\n\t\t\t\t<div class=\"elementor-widget-container\">\n\t\t\t\t\t\t\t<ul class=\"elementor-icon-list-items\">\n\t\t\t\t\t\t\t<li class=\"elementor-icon-list-item\">\n\t\t\t\t\t\t\t\t\t\t\t<a href=\"https:\/\/machines.technofoam.rs\/es\/tfcp-30-15\/\">\n\n\t\t\t\t\t\t\t\t\t\t\t\t<span class=\"elementor-icon-list-icon\">\n\t\t\t\t\t\t\t<i aria-hidden=\"true\" class=\"material zmdi zmdi-check-circle\"><\/i>\t\t\t\t\t\t<\/span>\n\t\t\t\t\t\t\t\t\t\t<span class=\"elementor-icon-list-text\">M\u00e1quina universal totalmente autom\u00e1tica para el enfajado mediante fundas de cart\u00f3n (30\/15)<\/span>\n\t\t\t\t\t\t\t\t\t\t\t<\/a>\n\t\t\t\t\t\t\t\t\t<\/li>\n\t\t\t\t\t\t\t\t<li class=\"elementor-icon-list-item\">\n\t\t\t\t\t\t\t\t\t\t\t<a href=\"https:\/\/www.youtube.com\/watch?v=aG8tF0o4QZc\">\n\n\t\t\t\t\t\t\t\t\t\t\t\t<span class=\"elementor-icon-list-icon\">\n\t\t\t\t\t\t\t<i aria-hidden=\"true\" class=\"material zmdi zmdi-check-circle\"><\/i>\t\t\t\t\t\t<\/span>\n\t\t\t\t\t\t\t\t\t\t<span class=\"elementor-icon-list-text\">Ma\u0161ina za formiranje i pakovanje u kartonske kutije  (TFCP 300\/400)<\/span>\n\t\t\t\t\t\t\t\t\t\t\t<\/a>\n\t\t\t\t\t\t\t\t\t<\/li>\n\t\t\t\t\t\t\t\t<li class=\"elementor-icon-list-item\">\n\t\t\t\t\t\t\t\t\t\t\t<a href=\"https:\/\/www.youtube.com\/watch?v=aG8tF0o4QZc\">\n\n\t\t\t\t\t\t\t\t\t\t\t\t<span class=\"elementor-icon-list-icon\">\n\t\t\t\t\t\t\t<i aria-hidden=\"true\" class=\"material zmdi zmdi-check-circle\"><\/i>\t\t\t\t\t\t<\/span>\n\t\t\t\t\t\t\t\t\t\t<span class=\"elementor-icon-list-text\">Automatska linija za pakovanje sun\u0111era u displeje i transportna pakovanja TFCD -280\/150<\/span>\n\t\t\t\t\t\t\t\t\t\t\t<\/a>\n\t\t\t\t\t\t\t\t\t<\/li>\n\t\t\t\t\t\t<\/ul>\n\t\t\t\t\t\t<\/div>\n\t\t\t\t<\/div>\n\t\t\t\t<\/div>\n\t\t\t\t\t<\/div>\n\t\t\t\t<\/div>\n\t\t\t\t<\/div>","protected":false},"excerpt":{"rendered":"<p>Otvorenost &#8211; Doslednost \u2013 Perfekcionizam &#8211; Odgovornost Izvrsne za pakovanje Automatska linija za pakovanje sun\u0111era TFCD -280\/150 Ma\u0161ina za pakovanje proizvoda u kartonske omotnice (30\/15) Ma\u0161ina za pakovanje proizvoda u kartonske omotnice (30\/15) Ma\u0161ina za formiranje i pakovanje u kartonske kutije (TFCP 300\/400) Automatska linija za pakovanje sun\u0111era u displeje i transportna pakovanja TFCD -280\/150<\/p>","protected":false},"author":1,"featured_media":5791,"parent":0,"menu_order":0,"comment_status":"closed","ping_status":"closed","template":"elementor_header_footer","meta":{"footnotes":""},"class_list":["post-6157","page","type-page","status-publish","has-post-thumbnail","hentry"],"_links":{"self":[{"href":"https:\/\/machines.technofoam.rs\/es\/wp-json\/wp\/v2\/pages\/6157","targetHints":{"allow":["GET"]}}],"collection":[{"href":"https:\/\/machines.technofoam.rs\/es\/wp-json\/wp\/v2\/pages"}],"about":[{"href":"https:\/\/machines.technofoam.rs\/es\/wp-json\/wp\/v2\/types\/page"}],"author":[{"embeddable":true,"href":"https:\/\/machines.technofoam.rs\/es\/wp-json\/wp\/v2\/users\/1"}],"replies":[{"embeddable":true,"href":"https:\/\/machines.technofoam.rs\/es\/wp-json\/wp\/v2\/comments?post=6157"}],"version-history":[{"count":48,"href":"https:\/\/machines.technofoam.rs\/es\/wp-json\/wp\/v2\/pages\/6157\/revisions"}],"predecessor-version":[{"id":7536,"href":"https:\/\/machines.technofoam.rs\/es\/wp-json\/wp\/v2\/pages\/6157\/revisions\/7536"}],"wp:featuredmedia":[{"embeddable":true,"href":"https:\/\/machines.technofoam.rs\/es\/wp-json\/wp\/v2\/media\/5791"}],"wp:attachment":[{"href":"https:\/\/machines.technofoam.rs\/es\/wp-json\/wp\/v2\/media?parent=6157"}],"curies":[{"name":"wp","href":"https:\/\/api.w.org\/{rel}","templated":true}]}}