{"id":367,"date":"2019-11-11T02:18:04","date_gmt":"2019-11-11T02:18:04","guid":{"rendered":"https:\/\/demo.casethemes.net\/consultio-immigration\/?page_id=367"},"modified":"2024-04-30T09:25:04","modified_gmt":"2024-04-30T07:25:04","slug":"testimonials","status":"publish","type":"page","link":"https:\/\/machines.technofoam.rs\/es\/testimonials\/","title":{"rendered":"Download"},"content":{"rendered":"<div data-elementor-type=\"wp-page\" data-elementor-id=\"367\" class=\"elementor elementor-367\">\n\t\t\t\t<div class=\"elementor-element elementor-element-b436b2e e-flex e-con-boxed e-con e-parent\" data-id=\"b436b2e\" data-element_type=\"container\" data-e-type=\"container\" data-settings=\"{&quot;background_background&quot;:&quot;classic&quot;}\">\n\t\t\t\t\t<div class=\"e-con-inner\">\n\t\t\t\t<div class=\"elementor-element elementor-element-0834ebe elementor-widget elementor-widget-heading\" data-id=\"0834ebe\" data-element_type=\"widget\" data-e-type=\"widget\" data-widget_type=\"heading.default\">\n\t\t\t\t<div class=\"elementor-widget-container\">\n\t\t\t\t\t<h2 class=\"elementor-heading-title elementor-size-default\">\"Honestidad \u2013 Consistencia \u2013 Perfeccionismo \u2013 Responsabilidad\"<\/h2>\t\t\t\t<\/div>\n\t\t\t\t<\/div>\n\t\t\t\t<div class=\"elementor-element elementor-element-14f8b75 elementor-widget elementor-widget-heading\" data-id=\"14f8b75\" data-element_type=\"widget\" data-e-type=\"widget\" data-widget_type=\"heading.default\">\n\t\t\t\t<div class=\"elementor-widget-container\">\n\t\t\t\t\t<h2 class=\"elementor-heading-title elementor-size-default\">Hablamos con franqueza, mantenemos nuestras promesas y tratamos a los dem\u00e1s con respeto<\/h2>\t\t\t\t<\/div>\n\t\t\t\t<\/div>\n\t\t\t\t\t<\/div>\n\t\t\t\t<\/div>\n\t\t<div class=\"elementor-element elementor-element-6f2cd40 e-flex e-con-boxed e-con e-parent\" data-id=\"6f2cd40\" data-element_type=\"container\" data-e-type=\"container\" data-settings=\"{&quot;background_background&quot;:&quot;classic&quot;}\">\n\t\t\t\t\t<div class=\"e-con-inner\">\n\t\t<div class=\"elementor-element elementor-element-a158b67 e-con-full e-flex e-con e-child\" data-id=\"a158b67\" data-element_type=\"container\" data-e-type=\"container\">\n\t\t\t\t<div class=\"elementor-element elementor-element-1e27f3a elementor-widget elementor-widget-ct_heading\" data-id=\"1e27f3a\" data-element_type=\"widget\" data-e-type=\"widget\" data-widget_type=\"ct_heading.default\">\n\t\t\t\t<div class=\"elementor-widget-container\">\n\t\t\t\t\t<div class=\"ct-heading h-align-left  sub-style1 ct-heading-left item-st-default\">\n\t\t\t<div class=\"item--sub-title style1 hide-line\">\n                        Soporte                                 <\/div>\n\t    <h3 class=\"item--title st-default\" data-wow-delay=\"ms\">\n                <span>\n            \n            Soporte\n\n                    <\/span>\n            <\/h3>\n<\/div>\t\t\t\t<\/div>\n\t\t\t\t<\/div>\n\t\t\t\t<div class=\"elementor-element elementor-element-1d169f4 elementor-widget elementor-widget-text-editor\" data-id=\"1d169f4\" data-element_type=\"widget\" data-e-type=\"widget\" data-widget_type=\"text-editor.default\">\n\t\t\t\t<div class=\"elementor-widget-container\">\n\t\t\t\t\t\t\t\t\t<p>Nuestros ingenieros, instaladores y t\u00e9cnicos le brindar\u00e1n soporte lo antes posible para que el tiempo de inactividad de su m\u00e1quina sea el menor posible. Las tecnolog\u00edas modernas nos permiten conectarnos en l\u00ednea, monitorear y eliminar de forma remota ciertos defectos en el funcionamiento de la m\u00e1quina, lo que puede simplificar enormemente la log\u00edstica y reducir los costos de mantenimiento.<\/p>\t\t\t\t\t\t\t\t<\/div>\n\t\t\t\t<\/div>\n\t\t\t\t<\/div>\n\t\t<div class=\"elementor-element elementor-element-cc2f939 e-con-full e-flex e-con e-child\" data-id=\"cc2f939\" data-element_type=\"container\" data-e-type=\"container\">\n\t\t\t\t<div class=\"elementor-element elementor-element-9c6bf09 wow fadeInRight elementor-widget elementor-widget-ct_banner\" data-id=\"9c6bf09\" data-element_type=\"widget\" data-e-type=\"widget\" data-widget_type=\"ct_banner.default\">\n\t\t\t\t<div class=\"elementor-widget-container\">\n\t\t\t\t\t<div class=\"ct-banner3\" data-wow-delay=\"ms\">\n\t<div class=\"ct-banner-imge\">\n    \t<img fetchpriority=\"high\" decoding=\"async\" width=\"1612\" height=\"1017\" src=\"https:\/\/machines.technofoam.rs\/wp-content\/uploads\/2024\/04\/TF.jpg\" class=\"attachment-full size-full wp-image-6916\" alt=\"\" srcset=\"https:\/\/machines.technofoam.rs\/wp-content\/uploads\/2024\/04\/TF.jpg 1612w, https:\/\/machines.technofoam.rs\/wp-content\/uploads\/2024\/04\/TF-300x189.jpg 300w, https:\/\/machines.technofoam.rs\/wp-content\/uploads\/2024\/04\/TF-1024x646.jpg 1024w, https:\/\/machines.technofoam.rs\/wp-content\/uploads\/2024\/04\/TF-768x485.jpg 768w, https:\/\/machines.technofoam.rs\/wp-content\/uploads\/2024\/04\/TF-1536x969.jpg 1536w\" sizes=\"(max-width: 1612px) 100vw, 1612px\" \/>    \t    \t<div class=\"ct-banner-counter\">\n    \t\t\t    \t\t<div class=\"counter-icon\">\n\t                \t                \t    \t\t<\/div>\n    \t\t    \t\t<div class=\"counter-holder\">\n    \t\t\t    \t\t\t    \t\t<\/div>\n    \t<\/div>\n    <\/div>\n    <h3 class=\"ct-banner-title\">Hablamos con franqueza, mantenemos nuestras promesas y tratamos a los dem\u00e1s con respeto<\/h3>\n<\/div>\t\t\t\t<\/div>\n\t\t\t\t<\/div>\n\t\t\t\t<\/div>\n\t\t\t\t\t<\/div>\n\t\t\t\t<\/div>\n\t\t\t\t<\/div>","protected":false},"excerpt":{"rendered":"<p>&#8220;Otvorenost &#8211; Doslednost &#8211; Perfekcionizam &#8211; Odgovornost&#8221; Govorimo ono \u0161to mislimo , dr\u017eimo svoja obe\u0107anja i tretiramo druge sa po\u0161tovanjem Servis Podr\u0161ka Na\u0161i in\u017eenjeri, monteri i serviseri pru\u017ei\u0107e Vam podr\u0161ku u najkra\u0107em roku kako bi zastoj na va\u0161oj ma\u0161ini trajao \u0161to kra\u0107e. Savremene tehnologije omogu\u0107avaju nam on-line povezivanje, pra\u0107enje i daljinsko otklanjanje pojedinih\u00a0 nedostataka u [&hellip;]<\/p>","protected":false},"author":1,"featured_media":0,"parent":0,"menu_order":0,"comment_status":"closed","ping_status":"closed","template":"elementor_header_footer","meta":{"footnotes":""},"class_list":["post-367","page","type-page","status-publish","hentry"],"_links":{"self":[{"href":"https:\/\/machines.technofoam.rs\/es\/wp-json\/wp\/v2\/pages\/367","targetHints":{"allow":["GET"]}}],"collection":[{"href":"https:\/\/machines.technofoam.rs\/es\/wp-json\/wp\/v2\/pages"}],"about":[{"href":"https:\/\/machines.technofoam.rs\/es\/wp-json\/wp\/v2\/types\/page"}],"author":[{"embeddable":true,"href":"https:\/\/machines.technofoam.rs\/es\/wp-json\/wp\/v2\/users\/1"}],"replies":[{"embeddable":true,"href":"https:\/\/machines.technofoam.rs\/es\/wp-json\/wp\/v2\/comments?post=367"}],"version-history":[{"count":32,"href":"https:\/\/machines.technofoam.rs\/es\/wp-json\/wp\/v2\/pages\/367\/revisions"}],"predecessor-version":[{"id":6949,"href":"https:\/\/machines.technofoam.rs\/es\/wp-json\/wp\/v2\/pages\/367\/revisions\/6949"}],"wp:attachment":[{"href":"https:\/\/machines.technofoam.rs\/es\/wp-json\/wp\/v2\/media?parent=367"}],"curies":[{"name":"wp","href":"https:\/\/api.w.org\/{rel}","templated":true}]}}