{"id":3497,"date":"2020-02-07T02:17:36","date_gmt":"2020-02-07T02:17:36","guid":{"rendered":"https:\/\/demo.casethemes.net\/consultio-immigration\/?page_id=3497"},"modified":"2024-04-12T11:33:19","modified_gmt":"2024-04-12T11:33:19","slug":"testimonials-v-2","status":"publish","type":"page","link":"https:\/\/machines.technofoam.rs\/es\/testimonials-v-2\/","title":{"rendered":"Bezbednost"},"content":{"rendered":"<div data-elementor-type=\"wp-page\" data-elementor-id=\"3497\" class=\"elementor elementor-3497\">\n\t\t\t\t        <section class=\"elementor-section elementor-top-section elementor-element elementor-element-33ff581a elementor-section-full_width elementor-section-stretched elementor-section-height-default elementor-section-height-default\" data-id=\"33ff581a\" data-element_type=\"section\" data-e-type=\"section\" data-settings=\"{&quot;stretch_section&quot;:&quot;section-stretched&quot;}\">\n            \n                        <div class=\"elementor-container elementor-column-gap-default\">\n                    <div class=\"elementor-column elementor-col-100 elementor-top-column elementor-element elementor-element-737d1d6f\" data-id=\"737d1d6f\" data-element_type=\"column\" data-e-type=\"column\">\n        <div class=\"elementor-widget-wrap elementor-element-populated\">\n                    \n        \t\t<div class=\"elementor-element elementor-element-71eb9726 elementor-widget elementor-widget-wp-widget-rev-slider-widget\" data-id=\"71eb9726\" data-element_type=\"widget\" data-e-type=\"widget\" data-widget_type=\"wp-widget-rev-slider-widget.default\">\n\t\t\t\t<div class=\"elementor-widget-container\">\n\t\t\t\t\t\n\t\t\t<!-- START Bezbednost REVOLUTION SLIDER 6.5.7 --><p class=\"rs-p-wp-fix\"><\/p>\n\t\t\t<rs-module-wrap id=\"rev_slider_9_1_wrapper\" data-source=\"gallery\" style=\"visibility:hidden;background:transparent;padding:0;margin:0px auto;margin-top:0;margin-bottom:0;\">\n\t\t\t\t<rs-module id=\"rev_slider_9_1\" style=\"\" data-version=\"6.5.7\">\n\t\t\t\t\t<rs-slides>\n\t\t\t\t\t\t<rs-slide style=\"position: absolute;\" data-key=\"rs-17\" data-title=\"Slide\" data-in=\"o:0;\" data-out=\"a:false;\">\n\t\t\t\t\t\t\t<img fetchpriority=\"high\" decoding=\"async\" src=\"\/\/machines.technofoam.rs\/wp-content\/plugins\/revslider\/public\/assets\/assets\/dummy.png\" title=\"01b_1.jpeg\" width=\"1920\" height=\"650\" class=\"rev-slidebg tp-rs-img rs-lazyload\" data-lazyload=\"\/\/machines.technofoam.rs\/wp-content\/uploads\/revslider\/video-media\/01b_1.jpeg\" data-no-retina>\n\t\t\t\t\t\t\t<rs-bgvideo \n\t\t\t\t\t\t\t\tdata-video=\"w:100%;h:100%;nse:false;l:true;ptimer:false;vfc:true;\"\n\t\t\t\t\t\t\t\tdata-mp4=\"\/\/machines.technofoam.rs\/wp-content\/uploads\/2022\/05\/bezbednost.mp4\"\n\t\t\t\t\t\t\t><\/rs-bgvideo>\n<!--\n\t\t\t\t\t\t\t--><rs-layer\n\t\t\t\t\t\t\t\tid=\"slider-9-slide-17-layer-3\" \n\t\t\t\t\t\t\t\tclass=\"title-box-shadow\"\n\t\t\t\t\t\t\t\tdata-type=\"text\"\n\t\t\t\t\t\t\t\tdata-xy=\"x:c;yo:209px,209px,-8px,-7px;\"\n\t\t\t\t\t\t\t\tdata-text=\"w:normal;s:70,70,36,30;l:75,75,42,35;fw:700;a:center;\"\n\t\t\t\t\t\t\t\tdata-rsp_o=\"off\"\n\t\t\t\t\t\t\t\tdata-rsp_bd=\"off\"\n\t\t\t\t\t\t\t\tdata-frame_0=\"y:50;\"\n\t\t\t\t\t\t\t\tdata-frame_1=\"st:810;sp:1000;sR:810;\"\n\t\t\t\t\t\t\t\tdata-frame_999=\"o:0;st:w;sR:7190;\"\n\t\t\t\t\t\t\t\tstyle=\"z-index:10;font-family:'Poppins';\"\n\t\t\t\t\t\t\t>Bezbednost \n\t\t\t\t\t\t\t<\/rs-layer><!--\n-->\t\t\t\t\t\t<\/rs-slide>\n\t\t\t\t\t<\/rs-slides>\n\t\t\t\t<\/rs-module>\n\t\t\t\t<script type=\"text\/javascript\">\n\t\t\t\t\tsetREVStartSize({c: 'rev_slider_9_1',rl:[1240,1024,778,480],el:[500,725,520,480],gw:[725,725,778,480],gh:[500,500,520,480],type:'standard',justify:'',layout:'fullwidth',mh:\"0\"});if (window.RS_MODULES!==undefined && window.RS_MODULES.modules!==undefined && window.RS_MODULES.modules[\"revslider91\"]!==undefined) {window.RS_MODULES.modules[\"revslider91\"].once = false;window.revapi9 = undefined;if (window.RS_MODULES.checkMinimal!==undefined) window.RS_MODULES.checkMinimal()}\n\t\t\t\t<\/script>\n\t\t\t<\/rs-module-wrap>\n\t\t\t<!-- END REVOLUTION SLIDER -->\n\t\t\t\t<\/div>\n\t\t\t\t<\/div>\n\t\t            <\/div>\n        <\/div>\n                    <\/div>\n        <\/section>\n        <div class=\"elementor-element elementor-element-369669d e-flex e-con-boxed e-con e-parent\" data-id=\"369669d\" data-element_type=\"container\" data-e-type=\"container\">\n\t\t\t\t\t<div class=\"e-con-inner\">\n\t\t<div class=\"elementor-element elementor-element-3f5c211 e-con-full e-flex e-con e-child\" data-id=\"3f5c211\" data-element_type=\"container\" data-e-type=\"container\">\n\t\t\t\t<div class=\"elementor-element elementor-element-746a5cf elementor-widget elementor-widget-ct_fancy_box\" data-id=\"746a5cf\" data-element_type=\"widget\" data-e-type=\"widget\" data-widget_type=\"ct_fancy_box.default\">\n\t\t\t\t<div class=\"elementor-widget-container\">\n\t\t\t\t\t<div id=\"ct_fancy_box-746a5cf\" class=\"ct-fancy-box ct-fancy-box-layout16 wow fadeInUp\" data-wow-delay=\"ms\">\n            <div class=\"item--overlay bg-image\" style=\"background-image: url(https:\/\/machines.technofoam.rs\/wp-content\/uploads\/2021\/10\/masine1.jpg);\"><\/div>\n        \n            <div class=\"item--icon\">\n            <i aria-hidden=\"true\" class=\"material zmdi zmdi-settings\"><\/i>        <\/div>\n            <div class=\"item--holder\">\n        <h3 class=\"item--title\">\n            Maquinas para el procesamiento de espuma        <\/h3>\n        <div class=\"item--description\"><br>\n<br><\/div>\n                    <div class=\"item--button\">\n                <a href=\"https:\/\/machines.technofoam.rs\/es\/?page_id=6152\">\n                    <span>Servicios<\/span>\n                    <i class=\"zmdi zmdi-long-arrow-right\"><\/i>\n                <\/a>\n            <\/div>\n            <\/div>\n<\/div>\t\t\t\t<\/div>\n\t\t\t\t<\/div>\n\t\t\t\t<\/div>\n\t\t<div class=\"elementor-element elementor-element-0957948 e-con-full e-flex e-con e-child\" data-id=\"0957948\" data-element_type=\"container\" data-e-type=\"container\">\n\t\t\t\t<div class=\"elementor-element elementor-element-3e26a08 elementor-widget elementor-widget-ct_fancy_box\" data-id=\"3e26a08\" data-element_type=\"widget\" data-e-type=\"widget\" data-widget_type=\"ct_fancy_box.default\">\n\t\t\t\t<div class=\"elementor-widget-container\">\n\t\t\t\t\t<div id=\"ct_fancy_box-3e26a08\" class=\"ct-fancy-box ct-fancy-box-layout16 wow fadeInUp\" data-wow-delay=\"50ms\">\n            <div class=\"item--overlay bg-image\" style=\"background-image: url(https:\/\/machines.technofoam.rs\/wp-content\/uploads\/2021\/10\/laminacija.jpg);\"><\/div>\n        \n            <div class=\"item--icon\">\n            <i aria-hidden=\"true\" class=\"fas fa-compress-alt\"><\/i>        <\/div>\n            <div class=\"item--holder\">\n        <h3 class=\"item--title\">\n            M\u00e1quinas de embalaje        <\/h3>\n        <div class=\"item--description\"><br>\n<br><\/div>\n                    <div class=\"item--button\">\n                <a href=\"https:\/\/machines.technofoam.rs\/es\/?page_id=6157\">\n                    <span>Servicios<\/span>\n                    <i class=\"zmdi zmdi-long-arrow-right\"><\/i>\n                <\/a>\n            <\/div>\n            <\/div>\n<\/div>\t\t\t\t<\/div>\n\t\t\t\t<\/div>\n\t\t\t\t<\/div>\n\t\t<div class=\"elementor-element elementor-element-1ab8cc5 e-con-full e-flex e-con e-child\" data-id=\"1ab8cc5\" data-element_type=\"container\" data-e-type=\"container\">\n\t\t\t\t<div class=\"elementor-element elementor-element-e80eb79 elementor-widget elementor-widget-ct_fancy_box\" data-id=\"e80eb79\" data-element_type=\"widget\" data-e-type=\"widget\" data-widget_type=\"ct_fancy_box.default\">\n\t\t\t\t<div class=\"elementor-widget-container\">\n\t\t\t\t\t<div id=\"ct_fancy_box-e80eb79\" class=\"ct-fancy-box ct-fancy-box-layout16 wow fadeInUp\" data-wow-delay=\"100ms\">\n            <div class=\"item--overlay bg-image\" style=\"background-image: url(https:\/\/machines.technofoam.rs\/wp-content\/uploads\/2021\/10\/cutter.jpg);\"><\/div>\n        \n            <div class=\"item--icon\">\n            <i aria-hidden=\"true\" class=\"material zmdi zmdi-cut\"><\/i>        <\/div>\n            <div class=\"item--holder\">\n        <h3 class=\"item--title\">\n            M\u00e1quinas paletizadoras         <\/h3>\n        <div class=\"item--description\"><br>\n<br><\/div>\n                    <div class=\"item--button\">\n                <a href=\"https:\/\/machines.technofoam.rs\/es\/?page_id=6159\">\n                    <span>Servicios<\/span>\n                    <i class=\"zmdi zmdi-long-arrow-right\"><\/i>\n                <\/a>\n            <\/div>\n            <\/div>\n<\/div>\t\t\t\t<\/div>\n\t\t\t\t<\/div>\n\t\t\t\t<\/div>\n\t\t<div class=\"elementor-element elementor-element-dd5fd65 e-con-full e-flex e-con e-child\" data-id=\"dd5fd65\" data-element_type=\"container\" data-e-type=\"container\">\n\t\t\t\t<div class=\"elementor-element elementor-element-27974a2 elementor-widget elementor-widget-ct_fancy_box\" data-id=\"27974a2\" data-element_type=\"widget\" data-e-type=\"widget\" data-widget_type=\"ct_fancy_box.default\">\n\t\t\t\t<div class=\"elementor-widget-container\">\n\t\t\t\t\t<div id=\"ct_fancy_box-27974a2\" class=\"ct-fancy-box ct-fancy-box-layout16 wow fadeInUp\" data-wow-delay=\"150ms\">\n            <div class=\"item--overlay bg-image\" style=\"background-image: url(https:\/\/machines.technofoam.rs\/wp-content\/uploads\/2021\/10\/servis.jpg);\"><\/div>\n        \n            <div class=\"item--icon\">\n            <i aria-hidden=\"true\" class=\"flaticonv5 flaticonv5-idea\"><\/i>        <\/div>\n            <div class=\"item--holder\">\n        <h3 class=\"item--title\">\n            Dispensadores centr\u00edfugos        <\/h3>\n        <div class=\"item--description\"><br>\n<br><\/div>\n                    <div class=\"item--button\">\n                <a href=\"https:\/\/machines.technofoam.rs\/es\/?page_id=6161\">\n                    <span>Servicios<\/span>\n                    <i class=\"zmdi zmdi-long-arrow-right\"><\/i>\n                <\/a>\n            <\/div>\n            <\/div>\n<\/div>\t\t\t\t<\/div>\n\t\t\t\t<\/div>\n\t\t\t\t<\/div>\n\t\t\t\t\t<\/div>\n\t\t\t\t<\/div>\n\t\t<div class=\"elementor-element elementor-element-304f726 e-flex e-con-boxed e-con e-parent\" data-id=\"304f726\" data-element_type=\"container\" data-e-type=\"container\">\n\t\t\t\t\t<div class=\"e-con-inner\">\n\t\t<div class=\"elementor-element elementor-element-26a4084 e-con-full e-flex e-con e-child\" data-id=\"26a4084\" data-element_type=\"container\" data-e-type=\"container\">\n\t\t<div class=\"elementor-element elementor-element-999a8f1 e-con-full e-flex e-con e-child\" data-id=\"999a8f1\" data-element_type=\"container\" data-e-type=\"container\">\n\t\t<div class=\"elementor-element elementor-element-b4a4441 e-con-full e-flex e-con e-child\" data-id=\"b4a4441\" data-element_type=\"container\" data-e-type=\"container\">\n\t\t\t\t<div class=\"elementor-element elementor-element-98b6d96 elementor-widget elementor-widget-ct_heading\" data-id=\"98b6d96\" data-element_type=\"widget\" data-e-type=\"widget\" data-widget_type=\"ct_heading.default\">\n\t\t\t\t<div class=\"elementor-widget-container\">\n\t\t\t\t\t<div class=\"ct-heading h-align- wow fadeInUp sub-style2 ct-heading-left item-st-default\">\n\t\t\t<div class=\"item--sub-title style2 show-line\">\n                        Soporte                                <\/div>\n\t    <h3 class=\"item--title st-default wow fadeInUp\" data-wow-delay=\"ms\">\n                <span>\n            \n            Zna\u010daj bezbednosti i zdravlja na radu\n                    <\/span>\n            <\/h3>\n<\/div>\t\t\t\t<\/div>\n\t\t\t\t<\/div>\n\t\t\t\t<\/div>\n\t\t<div class=\"elementor-element elementor-element-6ae11c8 e-con-full e-flex e-con e-child\" data-id=\"6ae11c8\" data-element_type=\"container\" data-e-type=\"container\">\n\t\t\t\t<div class=\"elementor-element elementor-element-2475b9a wow fadeInRight elementor-widget elementor-widget-text-editor\" data-id=\"2475b9a\" data-element_type=\"widget\" data-e-type=\"widget\" data-widget_type=\"text-editor.default\">\n\t\t\t\t<div class=\"elementor-widget-container\">\n\t\t\t\t\t\t\t\t\t<p>Tehcno Foam ima razra\u0111enu mre\u017eu servisera i in\u017eenjera koji u svakom momentu mogu da reaguju po pitanju postavke, odr\u017eavanja i drugih intervencija<\/p>\t\t\t\t\t\t\t\t<\/div>\n\t\t\t\t<\/div>\n\t\t\t\t<\/div>\n\t\t\t\t<\/div>\n\t\t\t\t<div class=\"elementor-element elementor-element-e87fbf4 elementor-widget elementor-widget-ct_fancy_box_grid\" data-id=\"e87fbf4\" data-element_type=\"widget\" data-e-type=\"widget\" data-widget_type=\"ct_fancy_box_grid.default\">\n\t\t\t\t<div class=\"elementor-widget-container\">\n\t\t\t\t\t    <div id=\"ct_fancy_box_grid-e87fbf4\" class=\"ct-grid ct-fancy-box-grid ct-fancy-box-grid2\">\n        <div class=\"ct-grid-inner ct-grid-masonry row\" data-gutter=\"7\">\n                            <div class=\"grid-item col-xl-4 col-lg-4 col-md-6 col-sm-6 col-12\">\n                    <div class=\"item--inner same-height\">\n                                                    <div class=\"item--icon\">\n                                <i aria-hidden=\"true\" class=\"far fa-stop-circle\"><\/i>                                                            <\/div>\n                                                \n                        <h3 class=\"item--title\">    \n                            Sigurnosne komande - stop                        <\/h3>\n                        <div class=\"item--desc\">Automatizovani sistemi omogu\u0107avaju da se ma\u0161ina samostalno zaustavi ukoliko se \u010dovek na\u0111e na platformi ili na mestu koje mo\u017ee biti nebezbedno za operatera.<\/div>\n                                           <\/div>\n                   <div class=\"item--shadow\"><\/div>\n                <\/div>\n                            <div class=\"grid-item col-xl-4 col-lg-4 col-md-6 col-sm-6 col-12\">\n                    <div class=\"item--inner same-height\">\n                                                    <div class=\"item--icon\">\n                                <i aria-hidden=\"true\" class=\"far fa-sticky-note\"><\/i>                                                            <\/div>\n                                                \n                        <h3 class=\"item--title\">    \n                            Signalizacija                        <\/h3>\n                        <div class=\"item--desc\">Svaka ma\u0161ina je izlepljena detaljnom signalizacijom \u0161to ukazuje operateru gde sme da prolazi i koje funkcije su za njega bezbedne.<\/div>\n                                           <\/div>\n                   <div class=\"item--shadow\"><\/div>\n                <\/div>\n                            <div class=\"grid-item col-xl-4 col-lg-4 col-md-6 col-sm-6 col-12\">\n                    <div class=\"item--inner same-height\">\n                                                    <div class=\"item--icon\">\n                                <i aria-hidden=\"true\" class=\"flaticonv3 flaticonv3-value\"><\/i>                                                            <\/div>\n                                                \n                        <h3 class=\"item--title\">    \n                            \u010covek na prvom mestu                        <\/h3>\n                        <div class=\"item--desc\">Ma\u0161ine su ura\u0111ene po svim standardima \u010dime se posti\u017ee rad u humanim uslovima, \u0161to predstavlja najva\u017eniju komponentu  svakog dru\u0161tva.<\/div>\n                                           <\/div>\n                   <div class=\"item--shadow\"><\/div>\n                <\/div>\n                            <div class=\"grid-item col-xl-4 col-lg-4 col-md-6 col-sm-6 col-12\">\n                    <div class=\"item--inner same-height\">\n                                                    <div class=\"item--icon\">\n                                <i aria-hidden=\"true\" class=\"fas fa-seedling\"><\/i>                                                            <\/div>\n                                                \n                        <h3 class=\"item--title\">    \n                            Ekolo\u0161ki orjentisane ma\u0161ine                        <\/h3>\n                        <div class=\"item--desc\">Ma\u0161ine ne poseduju emisiju \u0161tetnih gasova, isparenja, \u0161tetnih te\u010dnosti \u010dime su u potponosti ura\u0111ene prema svim ekolo\u0161kimstandardima<\/div>\n                                           <\/div>\n                   <div class=\"item--shadow\"><\/div>\n                <\/div>\n                            <div class=\"grid-item col-xl-4 col-lg-4 col-md-6 col-sm-6 col-12\">\n                    <div class=\"item--inner same-height\">\n                                                    <div class=\"item--icon\">\n                                <i aria-hidden=\"true\" class=\"fas fa-running\"><\/i>                                                            <\/div>\n                                                \n                        <h3 class=\"item--title\">    \n                            Laka evakuacija                        <\/h3>\n                        <div class=\"item--desc\">U slu\u010daju po\u017eara ili druge elementarne nepogode, operater vrlo brzo mo\u017ee da se udalji od ma\u0161ine zahvaljuju\u0107i prilago\u0111enim prolazima.<\/div>\n                                           <\/div>\n                   <div class=\"item--shadow\"><\/div>\n                <\/div>\n                            <div class=\"grid-item col-xl-4 col-lg-4 col-md-6 col-sm-6 col-12\">\n                    <div class=\"item--inner same-height\">\n                                                    <div class=\"item--icon\">\n                                <i aria-hidden=\"true\" class=\"material zmdi zmdi-power\"><\/i>                                                            <\/div>\n                                                \n                        <h3 class=\"item--title\">    \n                            Nastavak u radu                        <\/h3>\n                        <div class=\"item--desc\">U slua\u010daju nestanka struje obezbe\u0111ena je autonomija do zavr\u0161etka procesa. <br><br><br><\/div>\n                                           <\/div>\n                   <div class=\"item--shadow\"><\/div>\n                <\/div>\n                        <div class=\"grid-sizer col-xl-4 col-lg-4 col-md-6 col-sm-6 col-12\"><\/div>\n        <\/div>\n    <\/div>\n\t\t\t\t<\/div>\n\t\t\t\t<\/div>\n\t\t\t\t<\/div>\n\t\t\t\t\t<\/div>\n\t\t\t\t<\/div>\n\t\t<div class=\"elementor-element elementor-element-d5ab836 e-con-full e-flex e-con e-parent\" data-id=\"d5ab836\" data-element_type=\"container\" data-e-type=\"container\" data-settings=\"{&quot;background_background&quot;:&quot;classic&quot;}\">\n\t\t<div class=\"elementor-element elementor-element-a337bb0 e-con-full elementor-hidden-mobile e-flex e-con e-child\" data-id=\"a337bb0\" data-element_type=\"container\" data-e-type=\"container\">\n\t\t\t\t<\/div>\n\t\t<div class=\"elementor-element elementor-element-7759c20 col-offset-right e-con-full e-flex e-con e-child\" data-id=\"7759c20\" data-element_type=\"container\" data-e-type=\"container\" data-settings=\"{&quot;background_background&quot;:&quot;classic&quot;}\">\n\t\t\t\t<div class=\"elementor-element elementor-element-7f64ef5 elementor-widget elementor-widget-spacer\" data-id=\"7f64ef5\" data-element_type=\"widget\" data-e-type=\"widget\" data-widget_type=\"spacer.default\">\n\t\t\t\t<div class=\"elementor-widget-container\">\n\t\t\t\t\t\t\t<div class=\"elementor-spacer\">\n\t\t\t<div class=\"elementor-spacer-inner\"><\/div>\n\t\t<\/div>\n\t\t\t\t\t\t<\/div>\n\t\t\t\t<\/div>\n\t\t\t\t<div class=\"elementor-element elementor-element-76eedcf color-gradient-from elementor-widget elementor-widget-ct_text_editor\" data-id=\"76eedcf\" data-element_type=\"widget\" data-e-type=\"widget\" data-widget_type=\"ct_text_editor.default\">\n\t\t\t\t<div class=\"elementor-widget-container\">\n\t\t\t\t\t<div id=\"ct_text_editor-76eedcf\" class=\"ct-text-editor\" data-wow-delay=\"ms\">\n\t<div class=\"ct-inline-css\"  data-css=\"        \t\t\">\n\n    <\/div>\n\t<div class=\"ct-text-editor elementor-clearfix\">\n\t\t<p>Tu smo za vas<\/p>\t\t\n\t<\/div>\n<\/div>\t\t\t\t<\/div>\n\t\t\t\t<\/div>\n\t\t\t\t<div class=\"elementor-element elementor-element-f33039f elementor-widget elementor-widget-ct_heading\" data-id=\"f33039f\" data-element_type=\"widget\" data-e-type=\"widget\" data-widget_type=\"ct_heading.default\">\n\t\t\t\t<div class=\"elementor-widget-container\">\n\t\t\t\t\t<div class=\"ct-heading h-align-  sub-style1 ct-heading-left item-st-default\">\n\t    <h3 class=\"item--title st-default\" data-wow-delay=\"ms\">\n                <span>\n            \n            KONTAKTIRAJTE <br \/>\nNAS!\n                    <\/span>\n            <\/h3>\n<\/div>\t\t\t\t<\/div>\n\t\t\t\t<\/div>\n\t\t\t\t<div class=\"elementor-element elementor-element-09246d1 elementor-widget elementor-widget-ct_text_editor\" data-id=\"09246d1\" data-element_type=\"widget\" data-e-type=\"widget\" data-widget_type=\"ct_text_editor.default\">\n\t\t\t\t<div class=\"elementor-widget-container\">\n\t\t\t\t\t<div id=\"ct_text_editor-09246d1\" class=\"ct-text-editor\" data-wow-delay=\"ms\">\n\t<div class=\"ct-inline-css\"  data-css=\"        \t\t\">\n\n    <\/div>\n\t<div class=\"ct-text-editor elementor-clearfix\">\n\t\t<p>Po\u0161aljite nam upit sa va\u0161im zahtevima i na\u0161i in\u017eenjeri \u0107e prona\u0107i za vas najbolje re\u0161enje.<\/p>\t\t\n\t<\/div>\n<\/div>\t\t\t\t<\/div>\n\t\t\t\t<\/div>\n\t\t\t\t<div class=\"elementor-element elementor-element-6006993 elementor-align-left elementor-widget elementor-widget-ct_button\" data-id=\"6006993\" data-element_type=\"widget\" data-e-type=\"widget\" data-widget_type=\"ct_button.default\">\n\t\t\t\t<div class=\"elementor-widget-container\">\n\t\t\t\t\t<div class=\"ct-button-wrapper ct-button-layout1 icon-right btn--inline\">\n            <span class=\"ct-icon-active\"><\/span>\n        <a href=\"#\" class=\"btn btn-default icon-active btn-inline-block\" data-wow-delay=\"ms\">\n                            <span class=\"ct-button-icon ct-align-icon-right\">\n                <i aria-hidden=\"true\" class=\"fas fa-angle-right\"><\/i>            <\/span>\n                <span class=\"ct-button-text\">Contactos<\/span>\n    <\/a>\n<\/div>\t\t\t\t<\/div>\n\t\t\t\t<\/div>\n\t\t\t\t<div class=\"elementor-element elementor-element-373840b elementor-widget elementor-widget-spacer\" data-id=\"373840b\" data-element_type=\"widget\" data-e-type=\"widget\" data-widget_type=\"spacer.default\">\n\t\t\t\t<div class=\"elementor-widget-container\">\n\t\t\t\t\t\t\t<div class=\"elementor-spacer\">\n\t\t\t<div class=\"elementor-spacer-inner\"><\/div>\n\t\t<\/div>\n\t\t\t\t\t\t<\/div>\n\t\t\t\t<\/div>\n\t\t\t\t<\/div>\n\t\t\t\t<\/div>\n\t\t\t\t<\/div>","protected":false},"excerpt":{"rendered":"<p>Ma\u0161ine za obradu sun\u0111era Usluge Ma\u0161ine za pakovanje Usluge Ma\u0161ine za paletizaciju Usluge Centrifugalni dozeri Usluge Servis Zna\u010daj bezbednosti i zdravlja na radu Tehcno Foam ima razra\u0111enu mre\u017eu servisera i in\u017eenjera koji u svakom momentu mogu da reaguju po pitanju postavke, odr\u017eavanja i drugih intervencija Sigurnosne komande &#8211; stop Automatizovani sistemi omogu\u0107avaju da se ma\u0161ina [&hellip;]<\/p>","protected":false},"author":1,"featured_media":0,"parent":0,"menu_order":0,"comment_status":"closed","ping_status":"closed","template":"elementor_header_footer","meta":{"footnotes":""},"class_list":["post-3497","page","type-page","status-publish","hentry"],"_links":{"self":[{"href":"https:\/\/machines.technofoam.rs\/es\/wp-json\/wp\/v2\/pages\/3497","targetHints":{"allow":["GET"]}}],"collection":[{"href":"https:\/\/machines.technofoam.rs\/es\/wp-json\/wp\/v2\/pages"}],"about":[{"href":"https:\/\/machines.technofoam.rs\/es\/wp-json\/wp\/v2\/types\/page"}],"author":[{"embeddable":true,"href":"https:\/\/machines.technofoam.rs\/es\/wp-json\/wp\/v2\/users\/1"}],"replies":[{"embeddable":true,"href":"https:\/\/machines.technofoam.rs\/es\/wp-json\/wp\/v2\/comments?post=3497"}],"version-history":[{"count":29,"href":"https:\/\/machines.technofoam.rs\/es\/wp-json\/wp\/v2\/pages\/3497\/revisions"}],"predecessor-version":[{"id":6838,"href":"https:\/\/machines.technofoam.rs\/es\/wp-json\/wp\/v2\/pages\/3497\/revisions\/6838"}],"wp:attachment":[{"href":"https:\/\/machines.technofoam.rs\/es\/wp-json\/wp\/v2\/media?parent=3497"}],"curies":[{"name":"wp","href":"https:\/\/api.w.org\/{rel}","templated":true}]}}