{"id":3495,"date":"2020-02-07T02:16:59","date_gmt":"2020-02-07T02:16:59","guid":{"rendered":"https:\/\/demo.casethemes.net\/consultio-immigration\/?page_id=3495"},"modified":"2024-04-08T15:45:59","modified_gmt":"2024-04-08T15:45:59","slug":"about-v-4","status":"publish","type":"page","link":"https:\/\/machines.technofoam.rs\/es\/about-v-4\/","title":{"rendered":"Sobre la empresa"},"content":{"rendered":"<div data-elementor-type=\"wp-page\" data-elementor-id=\"3495\" class=\"elementor elementor-3495\">\n\t\t\t\t        <section class=\"elementor-section elementor-top-section elementor-element elementor-element-a444588 elementor-section-full_width elementor-section-stretched elementor-section-height-default elementor-section-height-default\" data-id=\"a444588\" data-element_type=\"section\" data-e-type=\"section\" data-settings=\"{&quot;stretch_section&quot;:&quot;section-stretched&quot;}\">\n            \n                        <div class=\"elementor-container elementor-column-gap-default\">\n                    <div class=\"elementor-column elementor-col-100 elementor-top-column elementor-element elementor-element-085a152\" data-id=\"085a152\" data-element_type=\"column\" data-e-type=\"column\">\n        <div class=\"elementor-widget-wrap elementor-element-populated\">\n                    \n        \t\t<div class=\"elementor-element elementor-element-f43272b elementor-widget elementor-widget-wp-widget-rev-slider-widget\" data-id=\"f43272b\" data-element_type=\"widget\" data-e-type=\"widget\" data-widget_type=\"wp-widget-rev-slider-widget.default\">\n\t\t\t\t<div class=\"elementor-widget-container\">\n\t\t\t\t\t\n\t\t\t<!-- START 2 REVOLUTION SLIDER 6.5.7 --><p class=\"rs-p-wp-fix\"><\/p>\n\t\t\t<rs-module-wrap id=\"rev_slider_6_1_wrapper\" data-source=\"gallery\" style=\"visibility:hidden;background:transparent;padding:0;margin:0px auto;margin-top:0;margin-bottom:0;\">\n\t\t\t\t<rs-module id=\"rev_slider_6_1\" style=\"\" data-version=\"6.5.7\">\n\t\t\t\t\t<rs-slides>\n\t\t\t\t\t\t<rs-slide style=\"position: absolute;\" data-key=\"rs-14\" data-title=\"Slide\" data-in=\"o:0;\" data-out=\"a:false;\">\n\t\t\t\t\t\t\t<img fetchpriority=\"high\" decoding=\"async\" src=\"\/\/machines.technofoam.rs\/wp-content\/plugins\/revslider\/public\/assets\/assets\/dummy.png\" title=\"01b_1.jpeg\" width=\"1920\" height=\"650\" class=\"rev-slidebg tp-rs-img rs-lazyload\" data-lazyload=\"\/\/machines.technofoam.rs\/wp-content\/uploads\/revslider\/video-media\/01b_1.jpeg\" data-no-retina>\n\t\t\t\t\t\t\t<rs-bgvideo \n\t\t\t\t\t\t\t\tdata-video=\"w:100%;h:100%;nse:false;l:true;ptimer:false;vfc:true;\"\n\t\t\t\t\t\t\t\tdata-mp4=\"\/\/machines.technofoam.rs\/wp-content\/uploads\/2022\/05\/okompaniji.mp4\"\n\t\t\t\t\t\t\t><\/rs-bgvideo>\n<!--\n\t\t\t\t\t\t\t--><rs-layer\n\t\t\t\t\t\t\t\tid=\"slider-6-slide-14-layer-3\" \n\t\t\t\t\t\t\t\tclass=\"title-box-shadow\"\n\t\t\t\t\t\t\t\tdata-type=\"text\"\n\t\t\t\t\t\t\t\tdata-xy=\"x:c;yo:209px,209px,-8px,-7px;\"\n\t\t\t\t\t\t\t\tdata-text=\"w:normal;s:70,70,36,30;l:75,75,42,35;fw:700;a:center;\"\n\t\t\t\t\t\t\t\tdata-rsp_o=\"off\"\n\t\t\t\t\t\t\t\tdata-rsp_bd=\"off\"\n\t\t\t\t\t\t\t\tdata-frame_0=\"y:50;\"\n\t\t\t\t\t\t\t\tdata-frame_1=\"st:810;sp:1000;sR:810;\"\n\t\t\t\t\t\t\t\tdata-frame_999=\"o:0;st:w;sR:7190;\"\n\t\t\t\t\t\t\t\tstyle=\"z-index:10;font-family:'Poppins';\"\n\t\t\t\t\t\t\t>Sobre la empresa \n\t\t\t\t\t\t\t<\/rs-layer><!--\n-->\t\t\t\t\t\t<\/rs-slide>\n\t\t\t\t\t<\/rs-slides>\n\t\t\t\t<\/rs-module>\n\t\t\t\t<script type=\"text\/javascript\">\n\t\t\t\t\tsetREVStartSize({c: 'rev_slider_6_1',rl:[1240,1024,778,480],el:[500,725,520,480],gw:[1230,1024,778,480],gh:[500,500,520,480],type:'standard',justify:'',layout:'fullwidth',mh:\"0\"});if (window.RS_MODULES!==undefined && window.RS_MODULES.modules!==undefined && window.RS_MODULES.modules[\"revslider61\"]!==undefined) {window.RS_MODULES.modules[\"revslider61\"].once = false;window.revapi6 = undefined;if (window.RS_MODULES.checkMinimal!==undefined) window.RS_MODULES.checkMinimal()}\n\t\t\t\t<\/script>\n\t\t\t<\/rs-module-wrap>\n\t\t\t<!-- END REVOLUTION SLIDER -->\n\t\t\t\t<\/div>\n\t\t\t\t<\/div>\n\t\t            <\/div>\n        <\/div>\n                    <\/div>\n        <\/section>\n                <section class=\"elementor-section elementor-top-section elementor-element elementor-element-5d5f410 elementor-section-boxed elementor-section-height-default elementor-section-height-default\" data-id=\"5d5f410\" data-element_type=\"section\" data-e-type=\"section\">\n            \n                        <div class=\"elementor-container elementor-column-gap-default\">\n                    <div class=\"elementor-column elementor-col-100 elementor-top-column elementor-element elementor-element-585d3f4\" data-id=\"585d3f4\" data-element_type=\"column\" data-e-type=\"column\">\n        <div class=\"elementor-widget-wrap elementor-element-populated\">\n                    \n                <section class=\"elementor-section elementor-inner-section elementor-element elementor-element-87865d2 elementor-section-boxed elementor-section-height-default elementor-section-height-default\" data-id=\"87865d2\" data-element_type=\"section\" data-e-type=\"section\">\n            \n                        <div class=\"elementor-container elementor-column-gap-default\">\n                    <div class=\"elementor-column elementor-col-50 elementor-inner-column elementor-element elementor-element-40d7d7e\" data-id=\"40d7d7e\" data-element_type=\"column\" data-e-type=\"column\">\n        <div class=\"elementor-widget-wrap elementor-element-populated\">\n                    \n        \t\t<div class=\"elementor-element elementor-element-512d7c5 elementor-widget elementor-widget-ct_heading\" data-id=\"512d7c5\" data-element_type=\"widget\" data-e-type=\"widget\" data-widget_type=\"ct_heading.default\">\n\t\t\t\t<div class=\"elementor-widget-container\">\n\t\t\t\t\t<div class=\"ct-heading h-align-left  sub-style1 ct-heading-left item-st-default\">\n\t\t\t<div class=\"item--sub-title style1 hide-line\">\n                        Techno Foam d.o.o.                                <\/div>\n\t    <h3 class=\"item--title st-default\" data-wow-delay=\"ms\">\n                <span>\n            \n            Sobre la empresa\n\n                    <\/span>\n            <\/h3>\n<\/div>\t\t\t\t<\/div>\n\t\t\t\t<\/div>\n\t\t            <\/div>\n        <\/div>\n                <div class=\"elementor-column elementor-col-50 elementor-inner-column elementor-element elementor-element-a23bf4c\" data-id=\"a23bf4c\" data-element_type=\"column\" data-e-type=\"column\">\n        <div class=\"elementor-widget-wrap\">\n                    \n                    <\/div>\n        <\/div>\n                    <\/div>\n        <\/section>\n                <section class=\"elementor-section elementor-inner-section elementor-element elementor-element-d2d33f7 elementor-section-boxed elementor-section-height-default elementor-section-height-default\" data-id=\"d2d33f7\" data-element_type=\"section\" data-e-type=\"section\">\n            \n                        <div class=\"elementor-container elementor-column-gap-default\">\n                    <div class=\"elementor-column elementor-col-100 elementor-inner-column elementor-element elementor-element-ff05159\" data-id=\"ff05159\" data-element_type=\"column\" data-e-type=\"column\">\n        <div class=\"elementor-widget-wrap elementor-element-populated\">\n                    \n        \t\t<div class=\"elementor-element elementor-element-632c4a6 elementor-widget elementor-widget-text-editor\" data-id=\"632c4a6\" data-element_type=\"widget\" data-e-type=\"widget\" data-widget_type=\"text-editor.default\">\n\t\t\t\t<div class=\"elementor-widget-container\">\n\t\t\t\t\t\t\t\t\t<p>Na\u0161a kompanija Techno Foam d.o.o. je mlada ukoliko se gleda datum osnivanja, ali svakako ne po iskustvu kojim raspola\u017eu zaposleni u oblasti proizvodnje i obrade sun\u0111erastih materijala i abraziva. Kontinuiranim pra\u0107enjem i analiziranjem tr\u017eista vi\u0161e od 10 godina, oslu\u0161kujemo potrebe na\u0161ih potencijalnih i postoje\u0107ih kupaca, i u skladu sa tim, usmeravamo razvoj novih usavr\u0161avanje postoje\u0107ih tehnologija za laminaciju sun\u0111era, profilisanje, se\u010denje i povezivanje proizvodnih jedinica. Ve\u0107 sada, mozemo da pariramo svim vode\u0107im prozivo\u0111a\u010dima iz na\u0161e oblasti.<\/p>\t\t\t\t\t\t\t\t<\/div>\n\t\t\t\t<\/div>\n\t\t            <\/div>\n        <\/div>\n                    <\/div>\n        <\/section>\n                    <\/div>\n        <\/div>\n                    <\/div>\n        <\/section>\n                <section class=\"elementor-section elementor-top-section elementor-element elementor-element-de5dcd5 elementor-section-stretched elementor-section-boxed elementor-section-height-default elementor-section-height-default\" data-id=\"de5dcd5\" data-element_type=\"section\" data-e-type=\"section\" data-settings=\"{&quot;stretch_section&quot;:&quot;section-stretched&quot;,&quot;background_background&quot;:&quot;classic&quot;}\">\n            \n                        <div class=\"elementor-container elementor-column-gap-extended\">\n                    <div class=\"elementor-column elementor-col-33 elementor-top-column elementor-element elementor-element-38d98e3\" data-id=\"38d98e3\" data-element_type=\"column\" data-e-type=\"column\">\n        <div class=\"elementor-widget-wrap elementor-element-populated\">\n                    \n        \t\t<div class=\"elementor-element elementor-element-fcdca76 elementor-widget elementor-widget-ct_fancy_box\" data-id=\"fcdca76\" data-element_type=\"widget\" data-e-type=\"widget\" data-widget_type=\"ct_fancy_box.default\">\n\t\t\t\t<div class=\"elementor-widget-container\">\n\t\t\t\t\t<div class=\"ct-fancy-box ct-fancy-box-layout6 wow fadeInUp\" data-wow-delay=\"ms\">\n                <div class=\"item--icon\">\n            <img decoding=\"async\" width=\"48\" height=\"43\" src=\"https:\/\/machines.technofoam.rs\/wp-content\/uploads\/2020\/02\/about4-icon1.png\" class=\"attachment-full\" alt=\"\" \/>        <\/div>\n        <div class=\"item--holder\">\n        <h3 class=\"item--title\">\n            Quienes somos?        <\/h3>\n        <div class=\"item--description\">Techno foam d.o.o. je mlada kompanija osnovana sa ciljem da razvije nove ma\u0161ine za proizvodnju i obradu ve\u0161ta\u010dkih sun\u0111era i sun\u0111erastih materijala. Kombinovanjem znanja i iskustva u oblasti projektovanja ma\u0161ina i proizvodnje ve\u0161ta\u010dkih sun\u0111era, razvijen je prototip ma\u0161ine za laminaciju.\n<\/div>\n    <\/div>\n            <a class=\"item--link\" href=\"#\"><\/a>\n    <\/div>\t\t\t\t<\/div>\n\t\t\t\t<\/div>\n\t\t            <\/div>\n        <\/div>\n                <div class=\"elementor-column elementor-col-33 elementor-top-column elementor-element elementor-element-2c21843\" data-id=\"2c21843\" data-element_type=\"column\" data-e-type=\"column\">\n        <div class=\"elementor-widget-wrap elementor-element-populated\">\n                    \n        \t\t<div class=\"elementor-element elementor-element-cc207a7 elementor-widget elementor-widget-ct_fancy_box\" data-id=\"cc207a7\" data-element_type=\"widget\" data-e-type=\"widget\" data-widget_type=\"ct_fancy_box.default\">\n\t\t\t\t<div class=\"elementor-widget-container\">\n\t\t\t\t\t<div class=\"ct-fancy-box ct-fancy-box-layout6 wow fadeInUp\" data-wow-delay=\"ms\">\n                <div class=\"item--icon\">\n            <img decoding=\"async\" width=\"44\" height=\"48\" src=\"https:\/\/machines.technofoam.rs\/wp-content\/uploads\/2020\/02\/about4-icon2.png\" class=\"attachment-full\" alt=\"\" \/>        <\/div>\n        <div class=\"item--holder\">\n        <h3 class=\"item--title\">\n            \u010cime se bavimo?        <\/h3>\n        <div class=\"item--description\">Su\u0161tina projekta koji sprovodi Techno foam je izrada projektne dokumentacije i monta\u017ea industrijske ma\u0161ine za process hladne laminacije, \u0161to bi trebalo da obezbedi zna\u010dajno unapre\u0111enje procesa laminacije, smanjuju\u0107i tro\u0161kove proizvodnje finalnog proizvoda (abrazivni jastu\u010di\u0107).\n\t\t\t\t\t\t<\/div>\n    <\/div>\n            <a class=\"item--link\" href=\"#\"><\/a>\n    <\/div>\t\t\t\t<\/div>\n\t\t\t\t<\/div>\n\t\t            <\/div>\n        <\/div>\n                <div class=\"elementor-column elementor-col-33 elementor-top-column elementor-element elementor-element-80ee074\" data-id=\"80ee074\" data-element_type=\"column\" data-e-type=\"column\">\n        <div class=\"elementor-widget-wrap elementor-element-populated\">\n                    \n        \t\t<div class=\"elementor-element elementor-element-a9d6069 elementor-widget elementor-widget-ct_fancy_box\" data-id=\"a9d6069\" data-element_type=\"widget\" data-e-type=\"widget\" data-widget_type=\"ct_fancy_box.default\">\n\t\t\t\t<div class=\"elementor-widget-container\">\n\t\t\t\t\t<div class=\"ct-fancy-box ct-fancy-box-layout6 wow fadeInUp\" data-wow-delay=\"ms\">\n                <div class=\"item--icon\">\n            <img loading=\"lazy\" decoding=\"async\" width=\"50\" height=\"46\" src=\"https:\/\/machines.technofoam.rs\/wp-content\/uploads\/2020\/02\/about4-icon3.png\" class=\"attachment-full\" alt=\"\" \/>        <\/div>\n        <div class=\"item--holder\">\n        <h3 class=\"item--title\">\n            Na\u0161a misija!        <\/h3>\n        <div class=\"item--description\">Svaka ma\u0161ina \u0107e biti jedinstvena i proizvedena u skladu sa specifi\u010dnim zahtevima kupca, tako da konkurentna cena u pore\u0111enju sa ostalim proizvo\u0111a\u010dima sli\u010dnih ma\u0161ina koji \u0107e biti u mogu\u0107nosti da iskopiraju ovo re\u0161enje ne bi bilo profitabilno za te proizvo\u0111a\u010de zbog malih serija proizvodnje.<\/div>\n    <\/div>\n            <a class=\"item--link\" href=\"#\"><\/a>\n    <\/div>\t\t\t\t<\/div>\n\t\t\t\t<\/div>\n\t\t            <\/div>\n        <\/div>\n                    <\/div>\n        <\/section>\n                <section class=\"elementor-section elementor-top-section elementor-element elementor-element-a4ee903 elementor-section-boxed elementor-section-height-default elementor-section-height-default\" data-id=\"a4ee903\" data-element_type=\"section\" data-e-type=\"section\">\n            \n                        <div class=\"elementor-container elementor-column-gap-default\">\n                    <div class=\"elementor-column elementor-col-100 elementor-top-column elementor-element elementor-element-8351f6f\" data-id=\"8351f6f\" data-element_type=\"column\" data-e-type=\"column\">\n        <div class=\"elementor-widget-wrap elementor-element-populated\">\n                    \n                <section class=\"elementor-section elementor-inner-section elementor-element elementor-element-b931bb1 elementor-section-content-middle elementor-section-boxed elementor-section-height-default elementor-section-height-default\" data-id=\"b931bb1\" data-element_type=\"section\" data-e-type=\"section\">\n            \n                        <div class=\"elementor-container elementor-column-gap-extended\">\n                    <div class=\"elementor-column elementor-col-50 elementor-inner-column elementor-element elementor-element-6844e09\" data-id=\"6844e09\" data-element_type=\"column\" data-e-type=\"column\">\n        <div class=\"elementor-widget-wrap elementor-element-populated\">\n                    \n        \t\t<div class=\"elementor-element elementor-element-8e2c35c elementor-widget elementor-widget-ct_heading\" data-id=\"8e2c35c\" data-element_type=\"widget\" data-e-type=\"widget\" data-widget_type=\"ct_heading.default\">\n\t\t\t\t<div class=\"elementor-widget-container\">\n\t\t\t\t\t<div class=\"ct-heading h-align-left  sub-style1 ct-heading-left item-st-default\">\n\t\t\t<div class=\"item--sub-title style1 hide-line\">\n                        Za\u0161to izabrati nas                                <\/div>\n\t    <h3 class=\"item--title st-default\" data-wow-delay=\"ms\">\n                <span>\n            \n            Postoji mnogo kompanija ali za\u0161to <i>odabrati nas<\/i>\n\n                    <\/span>\n            <\/h3>\n<\/div>\t\t\t\t<\/div>\n\t\t\t\t<\/div>\n\t\t            <\/div>\n        <\/div>\n                <div class=\"elementor-column elementor-col-50 elementor-inner-column elementor-element elementor-element-9a78b44\" data-id=\"9a78b44\" data-element_type=\"column\" data-e-type=\"column\">\n        <div class=\"elementor-widget-wrap elementor-element-populated\">\n                    \n        \t\t<div class=\"elementor-element elementor-element-b70c597 elementor-widget elementor-widget-ct_text_editor\" data-id=\"b70c597\" data-element_type=\"widget\" data-e-type=\"widget\" data-widget_type=\"ct_text_editor.default\">\n\t\t\t\t<div class=\"elementor-widget-container\">\n\t\t\t\t\t<div id=\"ct_text_editor-b70c597\" class=\"ct-text-editor\" data-wow-delay=\"ms\">\n\t<div class=\"ct-inline-css\"  data-css=\"        \t\t\">\n\n    <\/div>\n\t<div class=\"ct-text-editor elementor-clearfix\">\n\t\t\t\t\n\t<\/div>\n<\/div>\t\t\t\t<\/div>\n\t\t\t\t<\/div>\n\t\t            <\/div>\n        <\/div>\n                    <\/div>\n        <\/section>\n        \t\t<div class=\"elementor-element elementor-element-bc1417d elementor-widget elementor-widget-ct_tab_banner\" data-id=\"bc1417d\" data-element_type=\"widget\" data-e-type=\"widget\" data-widget_type=\"ct_tab_banner.default\">\n\t\t\t\t<div class=\"elementor-widget-container\">\n\t\t\t\t\t    <div class=\"ct-tabs ct-tab-banner1\">\n        <div class=\"ct-tabs-title\">\n                            <div class=\"ct-tab-title\" data-target=\"#ct_tab_banner-bc1417d0\">\n                    <h4>Profesionalan tim<\/h4>\n                    <p><p>Oslu\u0161kujemo potrebe na\u0161ih potencijalnih i postoje\u0107ih kupaca i usmeravamo razvoj novih usavr\u0161avanjem postoje\u0107ih tehnologija<\/p><\/p>\n                    <i class=\"tab-arrow\"><\/i>\n                <\/div>\n                            <div class=\"ct-tab-title\" data-target=\"#ct_tab_banner-bc1417d1\">\n                    <h4>Calidad<\/h4>\n                    <p><p>Mi nudimo inovaciju, brzinu, u\u0161tedu energije i materijala i jednostavnost. Potvrda kvaliteta su brojna doma\u0107a i me\u0111unarodna priznanja kao i sertifikati i atesti.<\/p><\/p>\n                    <i class=\"tab-arrow\"><\/i>\n                <\/div>\n                            <div class=\"ct-tab-title active\" data-target=\"#ct_tab_banner-bc1417d2\">\n                    <h4>Me\u0111u svetskim proizvo\u0111a\u010dima<\/h4>\n                    <p><p>Ve\u0107 sada, mozemo da pariramo svim vode\u0107im prozivo\u0111a\u010dima iz na\u0161e oblasti.<\/p><\/p>\n                    <i class=\"tab-arrow\"><\/i>\n                <\/div>\n                    <\/div>\n        <div class=\"ct-tabs-content\">\n                            <div id=\"ct_tab_banner-bc1417d0\" class=\"ct-tab-content\" >\n                                            <div class=\"ct-tab-image bg-image\" style=\"background-image: url(https:\/\/machines.technofoam.rs\/wp-content\/uploads\/2022\/04\/technofoamtim-1.jpg);\"><\/div>\n                                    <\/div>\n                            <div id=\"ct_tab_banner-bc1417d1\" class=\"ct-tab-content\" >\n                                            <div class=\"ct-tab-image bg-image\" style=\"background-image: url(https:\/\/machines.technofoam.rs\/wp-content\/uploads\/2022\/04\/kvalitet.jpg);\"><\/div>\n                                    <\/div>\n                            <div id=\"ct_tab_banner-bc1417d2\" class=\"ct-tab-content\" style=\"display: block;\">\n                                            <div class=\"ct-tab-image bg-image\" style=\"background-image: url(https:\/\/machines.technofoam.rs\/wp-content\/uploads\/2022\/04\/mapa4.jpg);\"><\/div>\n                                    <\/div>\n                    <\/div>\n    <\/div>\n\t\t\t\t<\/div>\n\t\t\t\t<\/div>\n\t\t            <\/div>\n        <\/div>\n                    <\/div>\n        <\/section>\n        \t\t<\/div>","protected":false},"excerpt":{"rendered":"<p>Techno Foam d.o.o. O kompaniji Na\u0161a kompanija Techno Foam d.o.o. je mlada ukoliko se gleda datum osnivanja, ali svakako ne po iskustvu kojim raspola\u017eu zaposleni u oblasti proizvodnje i obrade sun\u0111erastih materijala i abraziva. Kontinuiranim pra\u0107enjem i analiziranjem tr\u017eista vi\u0161e od 10 godina, oslu\u0161kujemo potrebe na\u0161ih potencijalnih i postoje\u0107ih kupaca, i u skladu sa tim, [&hellip;]<\/p>","protected":false},"author":1,"featured_media":0,"parent":0,"menu_order":0,"comment_status":"closed","ping_status":"closed","template":"","meta":{"footnotes":""},"class_list":["post-3495","page","type-page","status-publish","hentry"],"_links":{"self":[{"href":"https:\/\/machines.technofoam.rs\/es\/wp-json\/wp\/v2\/pages\/3495","targetHints":{"allow":["GET"]}}],"collection":[{"href":"https:\/\/machines.technofoam.rs\/es\/wp-json\/wp\/v2\/pages"}],"about":[{"href":"https:\/\/machines.technofoam.rs\/es\/wp-json\/wp\/v2\/types\/page"}],"author":[{"embeddable":true,"href":"https:\/\/machines.technofoam.rs\/es\/wp-json\/wp\/v2\/users\/1"}],"replies":[{"embeddable":true,"href":"https:\/\/machines.technofoam.rs\/es\/wp-json\/wp\/v2\/comments?post=3495"}],"version-history":[{"count":47,"href":"https:\/\/machines.technofoam.rs\/es\/wp-json\/wp\/v2\/pages\/3495\/revisions"}],"predecessor-version":[{"id":6640,"href":"https:\/\/machines.technofoam.rs\/es\/wp-json\/wp\/v2\/pages\/3495\/revisions\/6640"}],"wp:attachment":[{"href":"https:\/\/machines.technofoam.rs\/es\/wp-json\/wp\/v2\/media?parent=3495"}],"curies":[{"name":"wp","href":"https:\/\/api.w.org\/{rel}","templated":true}]}}