{"id":7512,"date":"2026-03-27T00:36:58","date_gmt":"2026-03-26T23:36:58","guid":{"rendered":"https:\/\/machines.technofoam.rs\/?page_id=7512"},"modified":"2026-03-27T00:43:01","modified_gmt":"2026-03-26T23:43:01","slug":"servis-i-podrska","status":"publish","type":"page","link":"https:\/\/machines.technofoam.rs\/en\/servis-i-podrska\/","title":{"rendered":"Service and support"},"content":{"rendered":"<div data-elementor-type=\"wp-page\" data-elementor-id=\"7512\" class=\"elementor elementor-7512\">\n\t\t\t\t<div class=\"elementor-element elementor-element-e9d1065 e-con-full e-flex e-con e-parent\" data-id=\"e9d1065\" data-element_type=\"container\" data-e-type=\"container\">\n\t\t<div class=\"elementor-element elementor-element-3a20ce5 e-con-full e-flex e-con e-child\" data-id=\"3a20ce5\" data-element_type=\"container\" data-e-type=\"container\" data-settings=\"{&quot;background_background&quot;:&quot;gradient&quot;}\">\n\t\t\t\t<div class=\"elementor-element elementor-element-4035e81 elementor-widget elementor-widget-heading\" data-id=\"4035e81\" data-element_type=\"widget\" data-e-type=\"widget\" data-widget_type=\"heading.default\">\n\t\t\t\t<div class=\"elementor-widget-container\">\n\t\t\t\t\t<h3 class=\"elementor-heading-title elementor-size-default\">Service and support<\/h3>\t\t\t\t<\/div>\n\t\t\t\t<\/div>\n\t\t\t\t<\/div>\n\t\t\t\t<\/div>\n\t\t<div class=\"elementor-element elementor-element-344596a e-flex e-con-boxed e-con e-parent\" data-id=\"344596a\" data-element_type=\"container\" data-e-type=\"container\" data-settings=\"{&quot;background_background&quot;:&quot;classic&quot;}\">\n\t\t\t\t\t<div class=\"e-con-inner\">\n\t\t<div class=\"elementor-element elementor-element-da1bff7 e-con-full e-flex e-con e-child\" data-id=\"da1bff7\" data-element_type=\"container\" data-e-type=\"container\">\n\t\t\t\t<div class=\"elementor-element elementor-element-e7c5170 elementor-widget elementor-widget-text-editor\" data-id=\"e7c5170\" data-element_type=\"widget\" data-e-type=\"widget\" data-widget_type=\"text-editor.default\">\n\t\t\t\t<div class=\"elementor-widget-container\">\n\t\t\t\t\t\t\t\t\t<p>Our engineers, fitters and repairmen will provide you with support as soon as possible so that the downtime of your machine lasts as little as possible. Modern technologies allow us to connect online, monitor and remotely eliminate certain defects in the operation of the machine, which can greatly simplify logistics and reduce maintenance costs.<\/p>\t\t\t\t\t\t\t\t<\/div>\n\t\t\t\t<\/div>\n\t\t\t\t<\/div>\n\t\t<div class=\"elementor-element elementor-element-f7c466b e-con-full e-flex e-con e-child\" data-id=\"f7c466b\" data-element_type=\"container\" data-e-type=\"container\">\n\t\t\t\t<div class=\"elementor-element elementor-element-9fe8805 elementor-widget elementor-widget-image\" data-id=\"9fe8805\" data-element_type=\"widget\" data-e-type=\"widget\" data-widget_type=\"image.default\">\n\t\t\t\t<div class=\"elementor-widget-container\">\n\t\t\t\t\t\t\t\t\t\t\t\t\t\t\t<img fetchpriority=\"high\" decoding=\"async\" width=\"640\" height=\"641\" src=\"https:\/\/machines.technofoam.rs\/wp-content\/uploads\/2026\/03\/Screenshot-2026-03-27-003432.png\" class=\"attachment-large size-large wp-image-7514\" alt=\"\" srcset=\"https:\/\/machines.technofoam.rs\/wp-content\/uploads\/2026\/03\/Screenshot-2026-03-27-003432.png 884w, https:\/\/machines.technofoam.rs\/wp-content\/uploads\/2026\/03\/Screenshot-2026-03-27-003432-300x300.png 300w, https:\/\/machines.technofoam.rs\/wp-content\/uploads\/2026\/03\/Screenshot-2026-03-27-003432-150x150.png 150w, https:\/\/machines.technofoam.rs\/wp-content\/uploads\/2026\/03\/Screenshot-2026-03-27-003432-768x769.png 768w, https:\/\/machines.technofoam.rs\/wp-content\/uploads\/2026\/03\/Screenshot-2026-03-27-003432-12x12.png 12w\" sizes=\"(max-width: 640px) 100vw, 640px\" \/>\t\t\t\t\t\t\t\t\t\t\t\t\t\t\t<\/div>\n\t\t\t\t<\/div>\n\t\t\t\t<\/div>\n\t\t\t\t\t<\/div>\n\t\t\t\t<\/div>\n\t\t\t\t<\/div>","protected":false},"excerpt":{"rendered":"<p>Servis i podr\u0161ka Na\u0161i in\u017eenjeri, monteri i serviseri pru\u017ei\u0107e Vam podr\u0161ku u najkra\u0107em roku kako bi zastoj na Va\u0161oj ma\u0161ini trajao \u0161to kra\u0107e. Savremene tehnologije omogu\u0107avaju nam on-line povezivanje, pra\u0107enje i daljinsko ot- klanjanje pojedinih nedostataka u radu ma\u0161ine, \u0161to u velikoj meri mo\u017ee pojednostav- iti logistiku i smanjiti tro\u0161kove odr\u017eavanja.<\/p>","protected":false},"author":5,"featured_media":0,"parent":0,"menu_order":0,"comment_status":"closed","ping_status":"closed","template":"elementor_header_footer","meta":{"footnotes":""},"class_list":["post-7512","page","type-page","status-publish","hentry"],"_links":{"self":[{"href":"https:\/\/machines.technofoam.rs\/en\/wp-json\/wp\/v2\/pages\/7512","targetHints":{"allow":["GET"]}}],"collection":[{"href":"https:\/\/machines.technofoam.rs\/en\/wp-json\/wp\/v2\/pages"}],"about":[{"href":"https:\/\/machines.technofoam.rs\/en\/wp-json\/wp\/v2\/types\/page"}],"author":[{"embeddable":true,"href":"https:\/\/machines.technofoam.rs\/en\/wp-json\/wp\/v2\/users\/5"}],"replies":[{"embeddable":true,"href":"https:\/\/machines.technofoam.rs\/en\/wp-json\/wp\/v2\/comments?post=7512"}],"version-history":[{"count":7,"href":"https:\/\/machines.technofoam.rs\/en\/wp-json\/wp\/v2\/pages\/7512\/revisions"}],"predecessor-version":[{"id":7521,"href":"https:\/\/machines.technofoam.rs\/en\/wp-json\/wp\/v2\/pages\/7512\/revisions\/7521"}],"wp:attachment":[{"href":"https:\/\/machines.technofoam.rs\/en\/wp-json\/wp\/v2\/media?parent=7512"}],"curies":[{"name":"wp","href":"https:\/\/api.w.org\/{rel}","templated":true}]}}