{"id":7359,"date":"2026-03-26T20:18:12","date_gmt":"2026-03-26T19:18:12","guid":{"rendered":"https:\/\/machines.technofoam.rs\/?page_id=7359"},"modified":"2026-04-06T21:13:10","modified_gmt":"2026-04-06T19:13:10","slug":"centrifugalni-dozeri-i-laminacija","status":"publish","type":"page","link":"https:\/\/machines.technofoam.rs\/en\/centrifugalni-dozeri-i-laminacija\/","title":{"rendered":"Centrifugal feeders and lamination"},"content":{"rendered":"<div data-elementor-type=\"wp-page\" data-elementor-id=\"7359\" class=\"elementor elementor-7359\">\n\t\t\t\t<div class=\"elementor-element elementor-element-cdefce8 e-con-full e-flex e-con e-parent\" data-id=\"cdefce8\" data-element_type=\"container\" data-e-type=\"container\">\n\t\t<div class=\"elementor-element elementor-element-177c253 e-con-full e-flex e-con e-child\" data-id=\"177c253\" data-element_type=\"container\" data-e-type=\"container\" data-settings=\"{&quot;background_background&quot;:&quot;classic&quot;}\">\n\t\t\t\t<div class=\"elementor-element elementor-element-19ea33c elementor-widget elementor-widget-heading\" data-id=\"19ea33c\" data-element_type=\"widget\" data-e-type=\"widget\" data-widget_type=\"heading.default\">\n\t\t\t\t<div class=\"elementor-widget-container\">\n\t\t\t\t\t<h3 class=\"elementor-heading-title elementor-size-default\"> Products\n<\/h3>\t\t\t\t<\/div>\n\t\t\t\t<\/div>\n\t\t\t\t<\/div>\n\t\t<div class=\"elementor-element elementor-element-485cfa0 e-con-full e-flex e-con e-child\" data-id=\"485cfa0\" data-element_type=\"container\" data-e-type=\"container\" data-settings=\"{&quot;background_background&quot;:&quot;gradient&quot;}\">\n\t\t\t\t<\/div>\n\t\t\t\t<\/div>\n\t\t<div class=\"elementor-element elementor-element-37eaf42 e-con-full e-flex e-con e-parent\" data-id=\"37eaf42\" data-element_type=\"container\" data-e-type=\"container\">\n\t\t<div class=\"elementor-element elementor-element-08611ec e-con-full e-flex e-con e-child\" data-id=\"08611ec\" data-element_type=\"container\" data-e-type=\"container\" data-settings=\"{&quot;background_background&quot;:&quot;gradient&quot;}\">\n\t\t\t\t<div class=\"elementor-element elementor-element-db9d026 elementor-align-start elementor-icon-list--layout-traditional elementor-list-item-link-full_width elementor-widget elementor-widget-icon-list\" data-id=\"db9d026\" data-element_type=\"widget\" data-e-type=\"widget\" data-widget_type=\"icon-list.default\">\n\t\t\t\t<div class=\"elementor-widget-container\">\n\t\t\t\t\t\t\t<ul class=\"elementor-icon-list-items\">\n\t\t\t\t\t\t\t<li class=\"elementor-icon-list-item\">\n\t\t\t\t\t\t\t\t\t\t\t<a href=\"https:\/\/machines.technofoam.rs\/en\/masine-za-pakovanje\/\">\n\n\t\t\t\t\t\t\t\t\t\t\t<span class=\"elementor-icon-list-text\">Packaging machines<\/span>\n\t\t\t\t\t\t\t\t\t\t\t<\/a>\n\t\t\t\t\t\t\t\t\t<\/li>\n\t\t\t\t\t\t\t\t<li class=\"elementor-icon-list-item\">\n\t\t\t\t\t\t\t\t\t\t\t<a href=\"https:\/\/machines.technofoam.rs\/en\/masine-za-obradu-sundjera\/\">\n\n\t\t\t\t\t\t\t\t\t\t\t<span class=\"elementor-icon-list-text\">Sponge processing machines<\/span>\n\t\t\t\t\t\t\t\t\t\t\t<\/a>\n\t\t\t\t\t\t\t\t\t<\/li>\n\t\t\t\t\t\t\t\t<li class=\"elementor-icon-list-item\">\n\t\t\t\t\t\t\t\t\t\t\t<a href=\"https:\/\/machines.technofoam.rs\/en\/centrifugalni-dozeri-i-laminacija\/\">\n\n\t\t\t\t\t\t\t\t\t\t\t<span class=\"elementor-icon-list-text\">Centrifugal dozers<\/span>\n\t\t\t\t\t\t\t\t\t\t\t<\/a>\n\t\t\t\t\t\t\t\t\t<\/li>\n\t\t\t\t\t\t\t\t<li class=\"elementor-icon-list-item\">\n\t\t\t\t\t\t\t\t\t\t\t<a href=\"https:\/\/machines.technofoam.rs\/en\/masine-za-paletizaciju\/\">\n\n\t\t\t\t\t\t\t\t\t\t\t<span class=\"elementor-icon-list-text\">Palletizing machines<\/span>\n\t\t\t\t\t\t\t\t\t\t\t<\/a>\n\t\t\t\t\t\t\t\t\t<\/li>\n\t\t\t\t\t\t<\/ul>\n\t\t\t\t\t\t<\/div>\n\t\t\t\t<\/div>\n\t\t\t\t<div class=\"elementor-element elementor-element-0633a85 elementor-widget elementor-widget-image\" data-id=\"0633a85\" data-element_type=\"widget\" data-e-type=\"widget\" data-widget_type=\"image.default\">\n\t\t\t\t<div class=\"elementor-widget-container\">\n\t\t\t\t\t\t\t\t\t\t\t\t\t\t\t<img fetchpriority=\"high\" decoding=\"async\" width=\"640\" height=\"590\" src=\"https:\/\/machines.technofoam.rs\/wp-content\/uploads\/2026\/03\/Screenshot-2026-03-07-130409.png\" class=\"attachment-large size-large wp-image-7132\" alt=\"\" srcset=\"https:\/\/machines.technofoam.rs\/wp-content\/uploads\/2026\/03\/Screenshot-2026-03-07-130409.png 729w, https:\/\/machines.technofoam.rs\/wp-content\/uploads\/2026\/03\/Screenshot-2026-03-07-130409-300x277.png 300w, https:\/\/machines.technofoam.rs\/wp-content\/uploads\/2026\/03\/Screenshot-2026-03-07-130409-13x12.png 13w\" sizes=\"(max-width: 640px) 100vw, 640px\" \/>\t\t\t\t\t\t\t\t\t\t\t\t\t\t\t<\/div>\n\t\t\t\t<\/div>\n\t\t\t\t<\/div>\n\t\t<div class=\"elementor-element elementor-element-35f2df5 e-con-full e-flex e-con e-child\" data-id=\"35f2df5\" data-element_type=\"container\" data-e-type=\"container\">\n\t\t\t\t<div class=\"elementor-element elementor-element-9a7ceba elementor-icon-list--layout-traditional elementor-list-item-link-full_width elementor-widget elementor-widget-icon-list\" data-id=\"9a7ceba\" data-element_type=\"widget\" data-e-type=\"widget\" data-widget_type=\"icon-list.default\">\n\t\t\t\t<div class=\"elementor-widget-container\">\n\t\t\t\t\t\t\t<ul class=\"elementor-icon-list-items\">\n\t\t\t\t\t\t\t<li class=\"elementor-icon-list-item\">\n\t\t\t\t\t\t\t\t\t\t\t<a href=\"https:\/\/machines.technofoam.rs\/en\/tfw-3000-30\/\">\n\n\t\t\t\t\t\t\t\t\t\t\t<span class=\"elementor-icon-list-text\"><strong>TFW - 3000\/30<\/strong> Automatic line for welding sponges in tubular sleeves<\/span>\n\t\t\t\t\t\t\t\t\t\t\t<\/a>\n\t\t\t\t\t\t\t\t\t<\/li>\n\t\t\t\t\t\t\t\t<li class=\"elementor-icon-list-item\">\n\t\t\t\t\t\t\t\t\t\t\t<a href=\"https:\/\/machines.technofoam.rs\/en\/tfl-2000-16\/\">\n\n\t\t\t\t\t\t\t\t\t\t\t<span class=\"elementor-icon-list-text\"><strong>TFL - 2000\/16<\/strong> Automatic line for cold lamination<\/span>\n\t\t\t\t\t\t\t\t\t\t\t<\/a>\n\t\t\t\t\t\t\t\t\t<\/li>\n\t\t\t\t\t\t\t\t<li class=\"elementor-icon-list-item\">\n\t\t\t\t\t\t\t\t\t\t\t<a href=\"https:\/\/machines.technofoam.rs\/en\/tfsc\/\">\n\n\t\t\t\t\t\t\t\t\t\t\t<span class=\"elementor-icon-list-text\"><strong>TFSC<\/strong> Automatic line for trulex cloths<\/span>\n\t\t\t\t\t\t\t\t\t\t\t<\/a>\n\t\t\t\t\t\t\t\t\t<\/li>\n\t\t\t\t\t\t<\/ul>\n\t\t\t\t\t\t<\/div>\n\t\t\t\t<\/div>\n\t\t\t\t<\/div>\n\t\t\t\t<\/div>\n\t\t\t\t<\/div>","protected":false},"excerpt":{"rendered":"<p>Proizvodi Ma\u0161ine za pakovanje Ma\u0161ine za obradu sun\u0111era Centrifugalni dozeri Ma\u0161ine za paletizaciju TFW &#8211; 3000\/30 Automatska linija za ubacivanje i zatvaranje sundjera u lurex \u010darapu TFL &#8211; 2000\/16 Automatska linija za hladnu laminaciju TFSC Automatska linija za trulex krpe<\/p>","protected":false},"author":5,"featured_media":0,"parent":0,"menu_order":0,"comment_status":"closed","ping_status":"closed","template":"elementor_header_footer","meta":{"footnotes":""},"class_list":["post-7359","page","type-page","status-publish","hentry"],"_links":{"self":[{"href":"https:\/\/machines.technofoam.rs\/en\/wp-json\/wp\/v2\/pages\/7359","targetHints":{"allow":["GET"]}}],"collection":[{"href":"https:\/\/machines.technofoam.rs\/en\/wp-json\/wp\/v2\/pages"}],"about":[{"href":"https:\/\/machines.technofoam.rs\/en\/wp-json\/wp\/v2\/types\/page"}],"author":[{"embeddable":true,"href":"https:\/\/machines.technofoam.rs\/en\/wp-json\/wp\/v2\/users\/5"}],"replies":[{"embeddable":true,"href":"https:\/\/machines.technofoam.rs\/en\/wp-json\/wp\/v2\/comments?post=7359"}],"version-history":[{"count":16,"href":"https:\/\/machines.technofoam.rs\/en\/wp-json\/wp\/v2\/pages\/7359\/revisions"}],"predecessor-version":[{"id":7747,"href":"https:\/\/machines.technofoam.rs\/en\/wp-json\/wp\/v2\/pages\/7359\/revisions\/7747"}],"wp:attachment":[{"href":"https:\/\/machines.technofoam.rs\/en\/wp-json\/wp\/v2\/media?parent=7359"}],"curies":[{"name":"wp","href":"https:\/\/api.w.org\/{rel}","templated":true}]}}