{"id":7351,"date":"2026-03-26T20:16:09","date_gmt":"2026-03-26T19:16:09","guid":{"rendered":"https:\/\/machines.technofoam.rs\/?page_id=7351"},"modified":"2026-03-27T01:08:16","modified_gmt":"2026-03-27T00:08:16","slug":"masine-za-obradu-sundjera","status":"publish","type":"page","link":"https:\/\/machines.technofoam.rs\/en\/masine-za-obradu-sundjera\/","title":{"rendered":"Sponge processing machines"},"content":{"rendered":"<div data-elementor-type=\"wp-page\" data-elementor-id=\"7351\" class=\"elementor elementor-7351\">\n\t\t\t\t<div class=\"elementor-element elementor-element-cdefce8 e-con-full e-flex e-con e-parent\" data-id=\"cdefce8\" data-element_type=\"container\" data-e-type=\"container\">\n\t\t<div class=\"elementor-element elementor-element-177c253 e-con-full e-flex e-con e-child\" data-id=\"177c253\" data-element_type=\"container\" data-e-type=\"container\" data-settings=\"{&quot;background_background&quot;:&quot;classic&quot;}\">\n\t\t\t\t<div class=\"elementor-element elementor-element-19ea33c elementor-widget elementor-widget-heading\" data-id=\"19ea33c\" data-element_type=\"widget\" data-e-type=\"widget\" data-widget_type=\"heading.default\">\n\t\t\t\t<div class=\"elementor-widget-container\">\n\t\t\t\t\t<h3 class=\"elementor-heading-title elementor-size-default\"> Products\n<\/h3>\t\t\t\t<\/div>\n\t\t\t\t<\/div>\n\t\t\t\t<\/div>\n\t\t<div class=\"elementor-element elementor-element-485cfa0 e-con-full e-flex e-con e-child\" data-id=\"485cfa0\" data-element_type=\"container\" data-e-type=\"container\" data-settings=\"{&quot;background_background&quot;:&quot;gradient&quot;}\">\n\t\t\t\t<\/div>\n\t\t\t\t<\/div>\n\t\t<div class=\"elementor-element elementor-element-37eaf42 e-con-full e-flex e-con e-parent\" data-id=\"37eaf42\" data-element_type=\"container\" data-e-type=\"container\">\n\t\t<div class=\"elementor-element elementor-element-08611ec e-con-full e-flex e-con e-child\" data-id=\"08611ec\" data-element_type=\"container\" data-e-type=\"container\" data-settings=\"{&quot;background_background&quot;:&quot;gradient&quot;}\">\n\t\t\t\t<div class=\"elementor-element elementor-element-32de66c elementor-align-start elementor-icon-list--layout-traditional elementor-list-item-link-full_width elementor-widget elementor-widget-icon-list\" data-id=\"32de66c\" data-element_type=\"widget\" data-e-type=\"widget\" data-widget_type=\"icon-list.default\">\n\t\t\t\t<div class=\"elementor-widget-container\">\n\t\t\t\t\t\t\t<ul class=\"elementor-icon-list-items\">\n\t\t\t\t\t\t\t<li class=\"elementor-icon-list-item\">\n\t\t\t\t\t\t\t\t\t\t\t<a href=\"https:\/\/machines.technofoam.rs\/en\/masine-za-pakovanje\/\">\n\n\t\t\t\t\t\t\t\t\t\t\t<span class=\"elementor-icon-list-text\">Packaging machines<\/span>\n\t\t\t\t\t\t\t\t\t\t\t<\/a>\n\t\t\t\t\t\t\t\t\t<\/li>\n\t\t\t\t\t\t\t\t<li class=\"elementor-icon-list-item\">\n\t\t\t\t\t\t\t\t\t\t\t<a href=\"https:\/\/machines.technofoam.rs\/en\/masine-za-obradu-sundjera\/\">\n\n\t\t\t\t\t\t\t\t\t\t\t<span class=\"elementor-icon-list-text\">Sponge processing machines<\/span>\n\t\t\t\t\t\t\t\t\t\t\t<\/a>\n\t\t\t\t\t\t\t\t\t<\/li>\n\t\t\t\t\t\t\t\t<li class=\"elementor-icon-list-item\">\n\t\t\t\t\t\t\t\t\t\t\t<a href=\"https:\/\/machines.technofoam.rs\/en\/centrifugalni-dozeri-i-laminacija\/\">\n\n\t\t\t\t\t\t\t\t\t\t\t<span class=\"elementor-icon-list-text\">Centrifugal dozers<\/span>\n\t\t\t\t\t\t\t\t\t\t\t<\/a>\n\t\t\t\t\t\t\t\t\t<\/li>\n\t\t\t\t\t\t\t\t<li class=\"elementor-icon-list-item\">\n\t\t\t\t\t\t\t\t\t\t\t<a href=\"https:\/\/machines.technofoam.rs\/en\/masine-za-paletizaciju\/\">\n\n\t\t\t\t\t\t\t\t\t\t\t<span class=\"elementor-icon-list-text\">Palletizing machines<\/span>\n\t\t\t\t\t\t\t\t\t\t\t<\/a>\n\t\t\t\t\t\t\t\t\t<\/li>\n\t\t\t\t\t\t<\/ul>\n\t\t\t\t\t\t<\/div>\n\t\t\t\t<\/div>\n\t\t\t\t<div class=\"elementor-element elementor-element-0633a85 elementor-widget elementor-widget-image\" data-id=\"0633a85\" data-element_type=\"widget\" data-e-type=\"widget\" data-widget_type=\"image.default\">\n\t\t\t\t<div class=\"elementor-widget-container\">\n\t\t\t\t\t\t\t\t\t\t\t\t\t\t\t<img fetchpriority=\"high\" decoding=\"async\" width=\"640\" height=\"590\" src=\"https:\/\/machines.technofoam.rs\/wp-content\/uploads\/2026\/03\/Screenshot-2026-03-07-130409.png\" class=\"attachment-large size-large wp-image-7132\" alt=\"\" srcset=\"https:\/\/machines.technofoam.rs\/wp-content\/uploads\/2026\/03\/Screenshot-2026-03-07-130409.png 729w, https:\/\/machines.technofoam.rs\/wp-content\/uploads\/2026\/03\/Screenshot-2026-03-07-130409-300x277.png 300w, https:\/\/machines.technofoam.rs\/wp-content\/uploads\/2026\/03\/Screenshot-2026-03-07-130409-13x12.png 13w\" sizes=\"(max-width: 640px) 100vw, 640px\" \/>\t\t\t\t\t\t\t\t\t\t\t\t\t\t\t<\/div>\n\t\t\t\t<\/div>\n\t\t\t\t<\/div>\n\t\t<div class=\"elementor-element elementor-element-35f2df5 e-con-full e-flex e-con e-child\" data-id=\"35f2df5\" data-element_type=\"container\" data-e-type=\"container\">\n\t\t\t\t<div class=\"elementor-element elementor-element-9a7ceba elementor-icon-list--layout-traditional elementor-list-item-link-full_width elementor-widget elementor-widget-icon-list\" data-id=\"9a7ceba\" data-element_type=\"widget\" data-e-type=\"widget\" data-widget_type=\"icon-list.default\">\n\t\t\t\t<div class=\"elementor-widget-container\">\n\t\t\t\t\t\t\t<ul class=\"elementor-icon-list-items\">\n\t\t\t\t\t\t\t<li class=\"elementor-icon-list-item\">\n\t\t\t\t\t\t\t\t\t\t\t<a href=\"https:\/\/machines.technofoam.rs\/en\/tf-200-250\/\">\n\n\t\t\t\t\t\t\t\t\t\t\t<span class=\"elementor-icon-list-text\"><strong>TF - 200\/250<\/strong> Automatic vertical cut and packaging line<\/span>\n\t\t\t\t\t\t\t\t\t\t\t<\/a>\n\t\t\t\t\t\t\t\t\t<\/li>\n\t\t\t\t\t\t\t\t<li class=\"elementor-icon-list-item\">\n\t\t\t\t\t\t\t\t\t\t\t<a href=\"https:\/\/machines.technofoam.rs\/en\/tf-300-100\/\">\n\n\t\t\t\t\t\t\t\t\t\t\t<span class=\"elementor-icon-list-text\"><strong>TF - 300\/100<\/strong> Automatic line for kitchen profile sponges production<\/span>\n\t\t\t\t\t\t\t\t\t\t\t<\/a>\n\t\t\t\t\t\t\t\t\t<\/li>\n\t\t\t\t\t\t\t\t<li class=\"elementor-icon-list-item\">\n\t\t\t\t\t\t\t\t\t\t\t<a href=\"https:\/\/machines.technofoam.rs\/en\/tfb-200-240\/\">\n\n\t\t\t\t\t\t\t\t\t\t\t<span class=\"elementor-icon-list-text\"><strong>TFB - 200\/240<\/strong> Automatic horizontal foam cutting machine line<\/span>\n\t\t\t\t\t\t\t\t\t\t\t<\/a>\n\t\t\t\t\t\t\t\t\t<\/li>\n\t\t\t\t\t\t\t\t<li class=\"elementor-icon-list-item\">\n\t\t\t\t\t\t\t\t\t\t\t<a href=\"https:\/\/machines.technofoam.rs\/en\/ascv-200-200\/\">\n\n\t\t\t\t\t\t\t\t\t\t\t<span class=\"elementor-icon-list-text\"><strong>ASCV - 200\/200<\/strong>  Automatic vertical foam cutting machine line<\/span>\n\t\t\t\t\t\t\t\t\t\t\t<\/a>\n\t\t\t\t\t\t\t\t\t<\/li>\n\t\t\t\t\t\t<\/ul>\n\t\t\t\t\t\t<\/div>\n\t\t\t\t<\/div>\n\t\t\t\t<\/div>\n\t\t\t\t<\/div>\n\t\t\t\t<\/div>","protected":false},"excerpt":{"rendered":"<p>Proizvodi Ma\u0161ine za pakovanje Ma\u0161ine za obradu sun\u0111era Centrifugalni dozeri Ma\u0161ine za paletizaciju TF &#8211; 200\/250 Automatska ma\u0161ina za vertikalno se\u010denje i pakovanje TF &#8211; 300\/100 Automatska linija za proizvodnju profilisanog kuhinjskog sun\u0111era TFB &#8211; 200\/240 Automatska linija za horizontalno se\u010denje sun\u0111era ASCV &#8211; 200\/200 Automatska linija za vertikalno se\u010denje sun\u0111era<\/p>","protected":false},"author":5,"featured_media":0,"parent":0,"menu_order":0,"comment_status":"closed","ping_status":"closed","template":"elementor_header_footer","meta":{"footnotes":""},"class_list":["post-7351","page","type-page","status-publish","hentry"],"_links":{"self":[{"href":"https:\/\/machines.technofoam.rs\/en\/wp-json\/wp\/v2\/pages\/7351","targetHints":{"allow":["GET"]}}],"collection":[{"href":"https:\/\/machines.technofoam.rs\/en\/wp-json\/wp\/v2\/pages"}],"about":[{"href":"https:\/\/machines.technofoam.rs\/en\/wp-json\/wp\/v2\/types\/page"}],"author":[{"embeddable":true,"href":"https:\/\/machines.technofoam.rs\/en\/wp-json\/wp\/v2\/users\/5"}],"replies":[{"embeddable":true,"href":"https:\/\/machines.technofoam.rs\/en\/wp-json\/wp\/v2\/comments?post=7351"}],"version-history":[{"count":16,"href":"https:\/\/machines.technofoam.rs\/en\/wp-json\/wp\/v2\/pages\/7351\/revisions"}],"predecessor-version":[{"id":7566,"href":"https:\/\/machines.technofoam.rs\/en\/wp-json\/wp\/v2\/pages\/7351\/revisions\/7566"}],"wp:attachment":[{"href":"https:\/\/machines.technofoam.rs\/en\/wp-json\/wp\/v2\/media?parent=7351"}],"curies":[{"name":"wp","href":"https:\/\/api.w.org\/{rel}","templated":true}]}}