{"id":7095,"date":"2026-03-07T11:05:55","date_gmt":"2026-03-07T10:05:55","guid":{"rendered":"https:\/\/machines.technofoam.rs\/?page_id=7095"},"modified":"2026-03-27T17:34:28","modified_gmt":"2026-03-27T16:34:28","slug":"kompanija-vrednosti","status":"publish","type":"page","link":"https:\/\/machines.technofoam.rs\/en\/kompanija-vrednosti\/","title":{"rendered":"Company"},"content":{"rendered":"<div data-elementor-type=\"wp-page\" data-elementor-id=\"7095\" class=\"elementor elementor-7095\">\n\t\t\t\t<div class=\"elementor-element elementor-element-a9b7a7a e-con-full e-flex e-con e-parent\" data-id=\"a9b7a7a\" data-element_type=\"container\" data-e-type=\"container\" data-settings=\"{&quot;background_background&quot;:&quot;classic&quot;}\">\n\t\t<div class=\"elementor-element elementor-element-047e472 e-con-full e-flex e-con e-child\" data-id=\"047e472\" data-element_type=\"container\" data-e-type=\"container\" data-settings=\"{&quot;background_background&quot;:&quot;gradient&quot;}\">\n\t\t\t\t<div class=\"elementor-element elementor-element-5c08f6a elementor-widget elementor-widget-text-editor\" data-id=\"5c08f6a\" data-element_type=\"widget\" data-e-type=\"widget\" data-widget_type=\"text-editor.default\">\n\t\t\t\t<div class=\"elementor-widget-container\">\n\t\t\t\t\t\t\t\t\t<p>Technofoam is a company specialized in design, construction and production of the machines for lamination, foam cutting, shaping and packing, production processes automation and palletization. <br \/><br \/>We were primarily specialized in design and production of the machines specialized for kitchen sponges.\nYears of experience, dynamic market monitoring and cooperation with numerous representative customers whose requirements we always fully meet, enabled us to expand our product range.<br \/><br \/>Today, we are a company recognizable for the quality of its products and the support that we have been providing to our customers for mote than ten years. Technofoam will provide the best sollution for your production process, whether you need a new machine or the improvement of an existing one <br \/><br \/>Once you decide to cooperate with us we guarantee you support throughout the machine\u2019s operational life.<\/p>\t\t\t\t\t\t\t\t<\/div>\n\t\t\t\t<\/div>\n\t\t\t\t<\/div>\n\t\t<div class=\"elementor-element elementor-element-9f0d458 e-con-full e-flex e-con e-child\" data-id=\"9f0d458\" data-element_type=\"container\" data-e-type=\"container\" data-settings=\"{&quot;background_background&quot;:&quot;classic&quot;}\">\n\t\t\t\t<\/div>\n\t\t\t\t<\/div>\n\t\t\t\t<\/div>","protected":false},"excerpt":{"rendered":"<p>Tehnofoam je kompanija koja se bavi projektovanjem, razvojem i proizvodnjom ma\u0161ina za laminaciju,se\u010denje, profilisanje i pakovanje sun\u0111era, automatizaciju proizvodnih procesa i paletizaciju u raznim industrijama. U po\u010detku smo bili orijentisani na izradu ma\u0161ina za proizvodnju kuhinjskih sun\u0111era. Dugogodi\u0161nje iskustvo, pra\u0107enje dinami\u010dog tr\u017ei\u0161ta i saradnja sa brojnim reprezentativnim klijentima \u010dije smo zahteve uvek ispunjavali u potpunosti, [&hellip;]<\/p>","protected":false},"author":5,"featured_media":0,"parent":0,"menu_order":0,"comment_status":"closed","ping_status":"closed","template":"elementor_header_footer","meta":{"footnotes":""},"class_list":["post-7095","page","type-page","status-publish","hentry"],"_links":{"self":[{"href":"https:\/\/machines.technofoam.rs\/en\/wp-json\/wp\/v2\/pages\/7095","targetHints":{"allow":["GET"]}}],"collection":[{"href":"https:\/\/machines.technofoam.rs\/en\/wp-json\/wp\/v2\/pages"}],"about":[{"href":"https:\/\/machines.technofoam.rs\/en\/wp-json\/wp\/v2\/types\/page"}],"author":[{"embeddable":true,"href":"https:\/\/machines.technofoam.rs\/en\/wp-json\/wp\/v2\/users\/5"}],"replies":[{"embeddable":true,"href":"https:\/\/machines.technofoam.rs\/en\/wp-json\/wp\/v2\/comments?post=7095"}],"version-history":[{"count":17,"href":"https:\/\/machines.technofoam.rs\/en\/wp-json\/wp\/v2\/pages\/7095\/revisions"}],"predecessor-version":[{"id":7679,"href":"https:\/\/machines.technofoam.rs\/en\/wp-json\/wp\/v2\/pages\/7095\/revisions\/7679"}],"wp:attachment":[{"href":"https:\/\/machines.technofoam.rs\/en\/wp-json\/wp\/v2\/media?parent=7095"}],"curies":[{"name":"wp","href":"https:\/\/api.w.org\/{rel}","templated":true}]}}