{"id":6265,"date":"2024-03-08T08:15:14","date_gmt":"2024-03-08T08:15:14","guid":{"rendered":"https:\/\/machines.technofoam.rs\/?page_id=6265"},"modified":"2026-04-06T21:12:12","modified_gmt":"2026-04-06T19:12:12","slug":"tfw-3000-30-old","status":"publish","type":"page","link":"https:\/\/machines.technofoam.rs\/en\/tfw-3000-30-old\/","title":{"rendered":"TFW-3000\/30 -old"},"content":{"rendered":"<div data-elementor-type=\"wp-page\" data-elementor-id=\"6265\" class=\"elementor elementor-6265\">\n\t\t\t\t<div class=\"elementor-element elementor-element-1025b87 e-flex e-con-boxed e-con e-parent\" data-id=\"1025b87\" data-element_type=\"container\" data-e-type=\"container\">\n\t\t\t\t\t<div class=\"e-con-inner\">\n\t\t\t\t<div class=\"elementor-element elementor-element-d291230 elementor-widget elementor-widget-heading\" data-id=\"d291230\" data-element_type=\"widget\" data-e-type=\"widget\" data-widget_type=\"heading.default\">\n\t\t\t\t<div class=\"elementor-widget-container\">\n\t\t\t\t\t<h1 class=\"elementor-heading-title elementor-size-default\">Automatic machine TFW-3000\/30<\/h1>\t\t\t\t<\/div>\n\t\t\t\t<\/div>\n\t\t\t\t\t<\/div>\n\t\t\t\t<\/div>\n\t\t<div class=\"elementor-element elementor-element-0c261f8 e-flex e-con-boxed e-con e-parent\" data-id=\"0c261f8\" data-element_type=\"container\" data-e-type=\"container\">\n\t\t\t\t\t<div class=\"e-con-inner\">\n\t\t<div class=\"elementor-element elementor-element-aff3cb7 e-con-full e-flex e-con e-child\" data-id=\"aff3cb7\" data-element_type=\"container\" data-e-type=\"container\">\n\t\t\t\t<div class=\"elementor-element elementor-element-6631358 elementor-widget elementor-widget-ct_banner\" data-id=\"6631358\" data-element_type=\"widget\" data-e-type=\"widget\" data-widget_type=\"ct_banner.default\">\n\t\t\t\t<div class=\"elementor-widget-container\">\n\t\t\t\t\t<div class=\"ct-banner3\" data-wow-delay=\"ms\">\n\t<div class=\"ct-banner-imge\">\n    \t<img fetchpriority=\"high\" decoding=\"async\" width=\"1280\" height=\"720\" src=\"https:\/\/machines.technofoam.rs\/wp-content\/uploads\/2024\/04\/TWF-3000-30.jpg\" class=\"attachment-full size-full wp-image-6951\" alt=\"\" srcset=\"https:\/\/machines.technofoam.rs\/wp-content\/uploads\/2024\/04\/TWF-3000-30.jpg 1280w, https:\/\/machines.technofoam.rs\/wp-content\/uploads\/2024\/04\/TWF-3000-30-300x169.jpg 300w, https:\/\/machines.technofoam.rs\/wp-content\/uploads\/2024\/04\/TWF-3000-30-1024x576.jpg 1024w, https:\/\/machines.technofoam.rs\/wp-content\/uploads\/2024\/04\/TWF-3000-30-768x432.jpg 768w, https:\/\/machines.technofoam.rs\/wp-content\/uploads\/2024\/04\/TWF-3000-30-18x10.jpg 18w\" sizes=\"(max-width: 1280px) 100vw, 1280px\" \/>    \t    \t<div class=\"ct-banner-counter\">\n    \t\t\t    \t\t<div class=\"counter-icon\">\n\t                \t                \t    \t\t<\/div>\n    \t\t    \t\t<div class=\"counter-holder\">\n    \t\t\t    \t\t\t    \t\t<\/div>\n    \t<\/div>\n    <\/div>\n    <h3 class=\"ct-banner-title\">TFW-3000\/30<\/h3>\n<\/div>\t\t\t\t<\/div>\n\t\t\t\t<\/div>\n\t\t\t\t<\/div>\n\t\t<div class=\"elementor-element elementor-element-f093427 e-con-full e-flex e-con e-child\" data-id=\"f093427\" data-element_type=\"container\" data-e-type=\"container\">\n\t\t\t\t<div class=\"elementor-element elementor-element-139b990 elementor-widget elementor-widget-text-editor\" data-id=\"139b990\" data-element_type=\"widget\" data-e-type=\"widget\" data-widget_type=\"text-editor.default\">\n\t\t\t\t<div class=\"elementor-widget-container\">\n\t\t\t\t\t\t\t\t\t<p>TFW-3000\/30 is fully automatic line for inserting polyurethane  (PU) sponges into tubular sleeves and its welding with Kanthal wire.<\/p>\t\t\t\t\t\t\t\t<\/div>\n\t\t\t\t<\/div>\n\t\t\t\t<\/div>\n\t\t\t\t\t<\/div>\n\t\t\t\t<\/div>\n\t\t<div class=\"elementor-element elementor-element-88cb82d e-flex e-con-boxed e-con e-parent\" data-id=\"88cb82d\" data-element_type=\"container\" data-e-type=\"container\">\n\t\t\t\t\t<div class=\"e-con-inner\">\n\t\t<div class=\"elementor-element elementor-element-0abc20e e-con-full e-flex e-con e-child\" data-id=\"0abc20e\" data-element_type=\"container\" data-e-type=\"container\" data-settings=\"{&quot;background_background&quot;:&quot;classic&quot;}\">\n\t\t\t\t<div class=\"elementor-element elementor-element-4117918 elementor-widget elementor-widget-ct_icon\" data-id=\"4117918\" data-element_type=\"widget\" data-e-type=\"widget\" data-widget_type=\"ct_icon.default\">\n\t\t\t\t<div class=\"elementor-widget-container\">\n\t\t\t\t\t    <div class=\"ct-icon1 style1\">\n                                    <a >\n                    <i aria-hidden=\"true\" class=\"flaticon flaticon-setting-spanner\"><\/i>                                    <\/a>\n                        <\/div>\n\t\t\t\t<\/div>\n\t\t\t\t<\/div>\n\t\t\t\t<\/div>\n\t\t<div class=\"elementor-element elementor-element-9b2bf9a e-con-full e-flex e-con e-child\" data-id=\"9b2bf9a\" data-element_type=\"container\" data-e-type=\"container\" data-settings=\"{&quot;background_background&quot;:&quot;classic&quot;}\">\n\t\t\t\t<div class=\"elementor-element elementor-element-edd1226 elementor-widget elementor-widget-ct_text_editor\" data-id=\"edd1226\" data-element_type=\"widget\" data-e-type=\"widget\" data-widget_type=\"ct_text_editor.default\">\n\t\t\t\t<div class=\"elementor-widget-container\">\n\t\t\t\t\t<div id=\"ct_text_editor-edd1226\" class=\"ct-text-editor\" data-wow-delay=\"ms\">\n\t<div class=\"ct-inline-css\"  data-css=\"        \t\t\">\n\n    <\/div>\n\t<div class=\"ct-text-editor elementor-clearfix\">\n\t\t<p>Our engineers, fitters and repairmen will provide you with support as soon as possible so that the downtime of your machine lasts as little as possible. Modern technologies allow us to connect online, monitor and remotely eliminate certain defects in the operation of the machine, which can greatly simplify logistics and reduce maintenance costs.<\/p>\t\t\n\t<\/div>\n<\/div>\t\t\t\t<\/div>\n\t\t\t\t<\/div>\n\t\t\t\t<\/div>\n\t\t\t\t\t<\/div>\n\t\t\t\t<\/div>\n\t\t<div class=\"elementor-element elementor-element-cf4ec62 e-flex e-con-boxed e-con e-parent\" data-id=\"cf4ec62\" data-element_type=\"container\" data-e-type=\"container\">\n\t\t\t\t\t<div class=\"e-con-inner\">\n\t\t<div class=\"elementor-element elementor-element-3a1c218 e-con-full e-flex e-con e-child\" data-id=\"3a1c218\" data-element_type=\"container\" data-e-type=\"container\">\n\t\t\t\t<div class=\"elementor-element elementor-element-2b4509b elementor-arrows-position-inside elementor-pagination-position-outside elementor-widget elementor-widget-image-carousel\" data-id=\"2b4509b\" data-element_type=\"widget\" data-e-type=\"widget\" data-settings=\"{&quot;slides_to_show&quot;:&quot;1&quot;,&quot;navigation&quot;:&quot;both&quot;,&quot;autoplay&quot;:&quot;yes&quot;,&quot;pause_on_hover&quot;:&quot;yes&quot;,&quot;pause_on_interaction&quot;:&quot;yes&quot;,&quot;autoplay_speed&quot;:5000,&quot;infinite&quot;:&quot;yes&quot;,&quot;effect&quot;:&quot;slide&quot;,&quot;speed&quot;:500}\" data-widget_type=\"image-carousel.default\">\n\t\t\t\t<div class=\"elementor-widget-container\">\n\t\t\t\t\t\t\t<div class=\"elementor-image-carousel-wrapper swiper\" role=\"region\" aria-roledescription=\"carousel\" aria-label=\"Image Carousel\" dir=\"ltr\">\n\t\t\t<div class=\"elementor-image-carousel swiper-wrapper\" aria-live=\"off\">\n\t\t\t\t\t\t\t\t<div class=\"swiper-slide\" role=\"group\" aria-roledescription=\"slide\" aria-label=\"1 of 1\" data-no-translation-aria-label=\"\"><a data-elementor-open-lightbox=\"yes\" data-elementor-lightbox-slideshow=\"2b4509b\" data-elementor-lightbox-title=\"Proizvod 3000 30\" data-e-action-hash=\"#elementor-action%3Aaction%3Dlightbox%26settings%3DeyJpZCI6Njk1MiwidXJsIjoiaHR0cHM6XC9cL21hY2hpbmVzLnRlY2hub2ZvYW0ucnNcL3dwLWNvbnRlbnRcL3VwbG9hZHNcLzIwMjRcLzA0XC9Qcm9penZvZC0zMDAwLTMwLTEuanBnIiwic2xpZGVzaG93IjoiMmI0NTA5YiJ9\" href=\"https:\/\/machines.technofoam.rs\/wp-content\/uploads\/2024\/04\/Proizvod-3000-30-1.jpg\"><figure class=\"swiper-slide-inner\"><img decoding=\"async\" class=\"swiper-slide-image\" src=\"https:\/\/machines.technofoam.rs\/wp-content\/uploads\/2024\/04\/Proizvod-3000-30-1.jpg\" alt=\"Proizvod 3000 30\" \/><\/figure><\/a><\/div>\t\t\t<\/div>\n\t\t\t\t\t<\/div>\n\t\t\t\t\t\t<\/div>\n\t\t\t\t<\/div>\n\t\t\t\t<\/div>\n\t\t<div class=\"elementor-element elementor-element-dad2459 e-con-full e-flex e-con e-child\" data-id=\"dad2459\" data-element_type=\"container\" data-e-type=\"container\">\n\t\t\t\t<div class=\"elementor-element elementor-element-da94785 elementor-widget elementor-widget-video\" data-id=\"da94785\" data-element_type=\"widget\" data-e-type=\"widget\" data-settings=\"{&quot;youtube_url&quot;:&quot;https:\\\/\\\/youtu.be\\\/rN1c6pr7Kyo?si=jbfdpAp_t8QnvsUb&quot;,&quot;show_image_overlay&quot;:&quot;yes&quot;,&quot;image_overlay&quot;:{&quot;url&quot;:&quot;https:\\\/\\\/machines.technofoam.rs\\\/wp-content\\\/uploads\\\/2024\\\/04\\\/TWF-3000-30-a.jpg&quot;,&quot;id&quot;:6953,&quot;size&quot;:&quot;&quot;,&quot;alt&quot;:&quot;&quot;,&quot;source&quot;:&quot;library&quot;},&quot;video_type&quot;:&quot;youtube&quot;,&quot;controls&quot;:&quot;yes&quot;}\" data-widget_type=\"video.default\">\n\t\t\t\t<div class=\"elementor-widget-container\">\n\t\t\t\t\t\t\t<div class=\"elementor-wrapper elementor-open-inline\">\n\t\t\t<div class=\"elementor-video\"><\/div>\t\t\t\t<div class=\"elementor-custom-embed-image-overlay\" style=\"background-image: url(https:\/\/machines.technofoam.rs\/wp-content\/uploads\/2024\/04\/TWF-3000-30-a.jpg);\">\n\t\t\t\t\t\t\t\t\t\t\t\t\t\t\t\t<div class=\"elementor-custom-embed-play\" role=\"button\" aria-label=\"Play Video\" tabindex=\"0\" data-no-translation-aria-label=\"\">\n\t\t\t\t\t\t\t<i aria-hidden=\"true\" class=\"eicon-play\"><\/i>\t\t\t\t\t\t<\/div>\n\t\t\t\t\t\t\t\t\t<\/div>\n\t\t\t\t\t<\/div>\n\t\t\t\t\t\t<\/div>\n\t\t\t\t<\/div>\n\t\t\t\t<\/div>\n\t\t\t\t\t<\/div>\n\t\t\t\t<\/div>\n\t\t<div class=\"elementor-element elementor-element-a1223da e-flex e-con-boxed e-con e-parent\" data-id=\"a1223da\" data-element_type=\"container\" data-e-type=\"container\">\n\t\t\t\t\t<div class=\"e-con-inner\">\n\t\t\t\t<div class=\"elementor-element elementor-element-12b3069 elementor-widget elementor-widget-heading\" data-id=\"12b3069\" data-element_type=\"widget\" data-e-type=\"widget\" data-widget_type=\"heading.default\">\n\t\t\t\t<div class=\"elementor-widget-container\">\n\t\t\t\t\t<h2 class=\"elementor-heading-title elementor-size-default\">Connected machines<\/h2>\t\t\t\t<\/div>\n\t\t\t\t<\/div>\n\t\t\t\t<div class=\"elementor-element elementor-element-f61b349 elementor-widget elementor-widget-ct_blog_grid\" data-id=\"f61b349\" data-element_type=\"widget\" data-e-type=\"widget\" data-widget_type=\"ct_blog_grid.default\">\n\t\t\t\t<div class=\"elementor-widget-container\">\n\t\t\t\t\t\n<div id=\"ct_blog_grid-f61b349\" class=\"ct-grid ct-blog-grid ct-blog-grid-layout1\" data-layout=\"masonry\" data-start-page=\"1\" data-max-pages=\"3\" data-total=\"8\" data-perpage=\"3\" data-next-link=\"https:\/\/machines.technofoam.rs\/en\/wp-json\/wp\/v2\/pages\/6265\/page\/2\/\">\n    <div class=\"ct-grid-overlay\"><\/div>\n    \n    <div class=\"ct-grid-inner ct-grid-masonry row animate-time\" data-gutter=\"15\">\n                    <div class=\"grid-sizer col-xl-4 col-lg-4 col-md-4 col-sm-6 col-12\"><\/div>\n                                <div class=\"grid-item col-xl-4 col-lg-4 col-md-4 col-sm-6 col-12\">\n                    <div class=\"grid-item-inner\">\n                                                    <div class=\"entry-featured\">\n                                <a href=\"https:\/\/machines.technofoam.rs\/en\/tfl-2000-16\/\"><img decoding=\"async\" class=\"disable-lazy\" src=\"https:\/\/machines.technofoam.rs\/wp-content\/uploads\/2024\/04\/TFL-2000-16a-600x414.jpg\" width=\"600\" height=\"414\" alt=\"TFL-2000 16a\" title=\"TFL-2000 16a\" \/><\/a>\n                            <\/div>\n                                                <div class=\"entry-body\">\n                            <div class=\"entry-holder\">\n                                                                <h3 class=\"entry-title\"><a href=\"https:\/\/machines.technofoam.rs\/en\/tfl-2000-16\/\">TFL-2000\/16<\/a><\/h3>\n                                                                    <div class=\"entry-readmore\">\n                                        <a href=\"https:\/\/machines.technofoam.rs\/en\/tfl-2000-16\/\">\n                                            Read more                                            <i class=\"fac fac-angle-double-right space-left\"><\/i>\n                                        <\/a>\n                                    <\/div>\n                                                            <\/div>\n                        <\/div>\n                    <\/div>\n                <\/div>\n                            <div class=\"grid-item col-xl-4 col-lg-4 col-md-4 col-sm-6 col-12\">\n                    <div class=\"grid-item-inner\">\n                                                    <div class=\"entry-featured\">\n                                <a href=\"https:\/\/machines.technofoam.rs\/en\/tfsc\/\"><img decoding=\"async\" class=\"disable-lazy\" src=\"https:\/\/machines.technofoam.rs\/wp-content\/uploads\/2024\/04\/Trulex-600x414.jpg\" width=\"600\" height=\"414\" alt=\"Trulex\" title=\"Trulex\" \/><\/a>\n                            <\/div>\n                                                <div class=\"entry-body\">\n                            <div class=\"entry-holder\">\n                                                                <h3 class=\"entry-title\"><a href=\"https:\/\/machines.technofoam.rs\/en\/tfsc\/\">TFSC<\/a><\/h3>\n                                                                    <div class=\"entry-readmore\">\n                                        <a href=\"https:\/\/machines.technofoam.rs\/en\/tfsc\/\">\n                                            Read more                                            <i class=\"fac fac-angle-double-right space-left\"><\/i>\n                                        <\/a>\n                                    <\/div>\n                                                            <\/div>\n                        <\/div>\n                    <\/div>\n                <\/div>\n                            <div class=\"grid-item col-xl-4 col-lg-4 col-md-4 col-sm-6 col-12\">\n                    <div class=\"grid-item-inner\">\n                                                    <div class=\"entry-featured\">\n                                <a href=\"https:\/\/machines.technofoam.rs\/en\/tfcd-280-150\/\"><img loading=\"lazy\" decoding=\"async\" class=\"disable-lazy\" src=\"https:\/\/machines.technofoam.rs\/wp-content\/uploads\/2024\/04\/280-150-600x414.jpg\" width=\"600\" height=\"414\" alt=\"280 150\" title=\"280 150\" \/><\/a>\n                            <\/div>\n                                                <div class=\"entry-body\">\n                            <div class=\"entry-holder\">\n                                                                <h3 class=\"entry-title\"><a href=\"https:\/\/machines.technofoam.rs\/en\/tfcd-280-150\/\">TFCD -280\/150<\/a><\/h3>\n                                                                    <div class=\"entry-readmore\">\n                                        <a href=\"https:\/\/machines.technofoam.rs\/en\/tfcd-280-150\/\">\n                                            Read more                                            <i class=\"fac fac-angle-double-right space-left\"><\/i>\n                                        <\/a>\n                                    <\/div>\n                                                            <\/div>\n                        <\/div>\n                    <\/div>\n                <\/div>\n                <\/div>\n        <\/div>\t\t\t\t<\/div>\n\t\t\t\t<\/div>\n\t\t\t\t<div class=\"elementor-element elementor-element-838701a elementor-widget elementor-widget-ct_portfolio_grid\" data-id=\"838701a\" data-element_type=\"widget\" data-e-type=\"widget\" data-widget_type=\"ct_portfolio_grid.default\">\n\t\t\t\t<div class=\"elementor-widget-container\">\n\t\t\t\t\t\n<div id=\"ct_portfolio_grid-838701a\" class=\"ct-grid ct-portfolio-grid1\" data-layout=\"masonry\" data-start-page=\"1\" data-max-pages=\"0\" data-total=\"0\" data-perpage=\"3\" data-next-link=\"https:\/\/machines.technofoam.rs\/en\/wp-json\/wp\/v2\/pages\/6265\/page\/2\/\">\n    <div class=\"ct-grid-overlay\"><\/div>\n    \n    <div class=\"ct-grid-inner ct-grid-masonry row animate-time\" data-gutter=\"15\">\n                            <div class=\"grid-sizer col-xl-4 col-lg-4 col-md-4 col-sm-6 col-12\"><\/div>\n            <\/div>\n        <\/div>\t\t\t\t<\/div>\n\t\t\t\t<\/div>\n\t\t\t\t\t<\/div>\n\t\t\t\t<\/div>\n\t\t\t\t<\/div>","protected":false},"excerpt":{"rendered":"<p>Automatska ma\u0161ina TFW-3000\/30 TFW-3000\/30 TFW-3000\/30 je potpuno automatska linija za ubacivanje poliuretanskog (PU) sun\u0111era u lurex \u010darapu i njeno zavarivanje kantal \u017eicom. Na\u0161i in\u017eenjeri, monteri i serviseri pru\u017ei\u0107e Vam podr\u0161ku u najkra\u0107em roku kako bi zastoj na va\u0161oj ma\u0161ini trajao \u0161to kra\u0107e. Savremene tehnologije omogu\u0107avaju nam on-line povezivanje, pra\u0107enje i daljinsko otklanjanje pojedinih\u00a0 nedostataka u [&hellip;]<\/p>","protected":false},"author":2,"featured_media":0,"parent":0,"menu_order":0,"comment_status":"closed","ping_status":"closed","template":"","meta":{"footnotes":""},"class_list":["post-6265","page","type-page","status-publish","hentry"],"_links":{"self":[{"href":"https:\/\/machines.technofoam.rs\/en\/wp-json\/wp\/v2\/pages\/6265","targetHints":{"allow":["GET"]}}],"collection":[{"href":"https:\/\/machines.technofoam.rs\/en\/wp-json\/wp\/v2\/pages"}],"about":[{"href":"https:\/\/machines.technofoam.rs\/en\/wp-json\/wp\/v2\/types\/page"}],"author":[{"embeddable":true,"href":"https:\/\/machines.technofoam.rs\/en\/wp-json\/wp\/v2\/users\/2"}],"replies":[{"embeddable":true,"href":"https:\/\/machines.technofoam.rs\/en\/wp-json\/wp\/v2\/comments?post=6265"}],"version-history":[{"count":50,"href":"https:\/\/machines.technofoam.rs\/en\/wp-json\/wp\/v2\/pages\/6265\/revisions"}],"predecessor-version":[{"id":7744,"href":"https:\/\/machines.technofoam.rs\/en\/wp-json\/wp\/v2\/pages\/6265\/revisions\/7744"}],"wp:attachment":[{"href":"https:\/\/machines.technofoam.rs\/en\/wp-json\/wp\/v2\/media?parent=6265"}],"curies":[{"name":"wp","href":"https:\/\/api.w.org\/{rel}","templated":true}]}}